{"id":655,"date":"2024-04-22T13:44:44","date_gmt":"2024-04-22T13:44:44","guid":{"rendered":"https:\/\/fortresseurope.com\/segmentales-kevlar\/"},"modified":"2024-05-30T19:17:54","modified_gmt":"2024-05-30T19:17:54","slug":"segmentales-kevlar","status":"publish","type":"page","link":"https:\/\/fortresseurope.com\/de\/segmentales-kevlar\/","title":{"rendered":"Segmentales Kevlar"},"content":{"rendered":"<div id=\"cs-content\" class=\"cs-content\"><\/div>\n","protected":false},"excerpt":{"rendered":"<p>Segmentales KevlarEine nicht-korrosive L\u00f6sung f\u00fcr langfristigen Nahtschutz.Home\u00dcber Fortress Segmental Kevlar\u00aeSegmentfugen an Br\u00fccken und Kastendurchl\u00e4ssen sind daf\u00fcr ber\u00fcchtigt, dass sie regelm\u00e4\u00dfig repariert werden m\u00fcssen, weil der Bewehrungsstahl korrodiert. Herk\u00f6mmliche Versiegelungen bieten keinen langfristigen Schutz der N\u00e4hte. Wasser und Salz k\u00f6nnen eindringen und den Stahl besch\u00e4digen. Das Fortress Segmental Kevlar\u00ae System verwendet ein propriet\u00e4res Gewebe aus DuPont Kevlar\u00ae Fasern, um die N\u00e4hte&hellip;<\/p>\n","protected":false},"author":1,"featured_media":0,"parent":0,"menu_order":0,"comment_status":"closed","ping_status":"closed","template":"template-blank-4.php","meta":{"_acf_changed":false,"inline_featured_image":false,"footnotes":""},"class_list":["post-655","page","type-page","status-publish","hentry","no-post-thumbnail"],"acf":[],"yoast_head":"<!-- This site is optimized with the Yoast SEO plugin v24.1 - https:\/\/yoast.com\/wordpress\/plugins\/seo\/ -->\n<title>Segmentales Kevlar - Fortress Europe<\/title>\n<meta name=\"robots\" content=\"index, follow, max-snippet:-1, max-image-preview:large, max-video-preview:-1\" \/>\n<link rel=\"canonical\" href=\"https:\/\/fortresseurope.com\/de\/segmentales-kevlar\/\" \/>\n<meta property=\"og:locale\" content=\"de_DE\" \/>\n<meta property=\"og:type\" content=\"article\" \/>\n<meta property=\"og:title\" content=\"Segmentales Kevlar - Fortress Europe\" \/>\n<meta property=\"og:description\" content=\"Segmentales KevlarEine nicht-korrosive L\u00f6sung f\u00fcr langfristigen Nahtschutz.Home\u00dcber Fortress Segmental Kevlar\u00aeSegmentfugen an Br\u00fccken und Kastendurchl\u00e4ssen sind daf\u00fcr ber\u00fcchtigt, dass sie regelm\u00e4\u00dfig repariert werden m\u00fcssen, weil der Bewehrungsstahl korrodiert. Herk\u00f6mmliche Versiegelungen bieten keinen langfristigen Schutz der N\u00e4hte. Wasser und Salz k\u00f6nnen eindringen und den Stahl besch\u00e4digen. Das Fortress Segmental Kevlar\u00ae System verwendet ein propriet\u00e4res Gewebe aus DuPont Kevlar\u00ae Fasern, um die N\u00e4hte&hellip;\" \/>\n<meta property=\"og:url\" content=\"https:\/\/fortresseurope.com\/de\/segmentales-kevlar\/\" \/>\n<meta property=\"og:site_name\" content=\"Fortress Europe\" \/>\n<meta property=\"article:modified_time\" content=\"2024-05-30T19:17:54+00:00\" \/>\n<meta name=\"twitter:card\" content=\"summary_large_image\" \/>\n<meta name=\"twitter:label1\" content=\"Gesch\u00e4tzte Lesezeit\" \/>\n\t<meta name=\"twitter:data1\" content=\"2\u00a0Minuten\" \/>\n<script type=\"application\/ld+json\" class=\"yoast-schema-graph\">{\"@context\":\"https:\/\/schema.org\",\"@graph\":[{\"@type\":\"WebPage\",\"@id\":\"https:\/\/fortresseurope.com\/de\/segmentales-kevlar\/\",\"url\":\"https:\/\/fortresseurope.com\/de\/segmentales-kevlar\/\",\"name\":\"Segmentales Kevlar - Fortress Europe\",\"isPartOf\":{\"@id\":\"https:\/\/fortresseurope.com\/de\/#website\"},\"datePublished\":\"2024-04-22T13:44:44+00:00\",\"dateModified\":\"2024-05-30T19:17:54+00:00\",\"breadcrumb\":{\"@id\":\"https:\/\/fortresseurope.com\/de\/segmentales-kevlar\/#breadcrumb\"},\"inLanguage\":\"de\",\"potentialAction\":[{\"@type\":\"ReadAction\",\"target\":[\"https:\/\/fortresseurope.com\/de\/segmentales-kevlar\/\"]}]},{\"@type\":\"BreadcrumbList\",\"@id\":\"https:\/\/fortresseurope.com\/de\/segmentales-kevlar\/#breadcrumb\",\"itemListElement\":[{\"@type\":\"ListItem\",\"position\":1,\"name\":\"Home\",\"item\":\"https:\/\/fortresseurope.com\/de\/startseite\/\"},{\"@type\":\"ListItem\",\"position\":2,\"name\":\"Segmentales Kevlar\"}]},{\"@type\":\"WebSite\",\"@id\":\"https:\/\/fortresseurope.com\/de\/#website\",\"url\":\"https:\/\/fortresseurope.com\/de\/\",\"name\":\"Fortress Europe\",\"description\":\"Stabilisation Products\",\"publisher\":{\"@id\":\"https:\/\/fortresseurope.com\/de\/#organization\"},\"potentialAction\":[{\"@type\":\"SearchAction\",\"target\":{\"@type\":\"EntryPoint\",\"urlTemplate\":\"https:\/\/fortresseurope.com\/de\/?s={search_term_string}\"},\"query-input\":{\"@type\":\"PropertyValueSpecification\",\"valueRequired\":true,\"valueName\":\"search_term_string\"}}],\"inLanguage\":\"de\"},{\"@type\":\"Organization\",\"@id\":\"https:\/\/fortresseurope.com\/de\/#organization\",\"name\":\"Fortress Europe\",\"url\":\"https:\/\/fortresseurope.com\/de\/\",\"logo\":{\"@type\":\"ImageObject\",\"inLanguage\":\"de\",\"@id\":\"https:\/\/fortresseurope.com\/de\/#\/schema\/logo\/image\/\",\"url\":\"https:\/\/fortresseurope.com\/wp-content\/uploads\/2024\/04\/fortresseurope.svg\",\"contentUrl\":\"https:\/\/fortresseurope.com\/wp-content\/uploads\/2024\/04\/fortresseurope.svg\",\"width\":1566,\"height\":456,\"caption\":\"Fortress Europe\"},\"image\":{\"@id\":\"https:\/\/fortresseurope.com\/de\/#\/schema\/logo\/image\/\"}}]}<\/script>\n<!-- \/ Yoast SEO plugin. -->","yoast_head_json":{"title":"Segmentales Kevlar - Fortress Europe","robots":{"index":"index","follow":"follow","max-snippet":"max-snippet:-1","max-image-preview":"max-image-preview:large","max-video-preview":"max-video-preview:-1"},"canonical":"https:\/\/fortresseurope.com\/de\/segmentales-kevlar\/","og_locale":"de_DE","og_type":"article","og_title":"Segmentales Kevlar - Fortress Europe","og_description":"Segmentales KevlarEine nicht-korrosive L\u00f6sung f\u00fcr langfristigen Nahtschutz.Home\u00dcber Fortress Segmental Kevlar\u00aeSegmentfugen an Br\u00fccken und Kastendurchl\u00e4ssen sind daf\u00fcr ber\u00fcchtigt, dass sie regelm\u00e4\u00dfig repariert werden m\u00fcssen, weil der Bewehrungsstahl korrodiert. Herk\u00f6mmliche Versiegelungen bieten keinen langfristigen Schutz der N\u00e4hte. Wasser und Salz k\u00f6nnen eindringen und den Stahl besch\u00e4digen. Das Fortress Segmental Kevlar\u00ae System verwendet ein propriet\u00e4res Gewebe aus DuPont Kevlar\u00ae Fasern, um die N\u00e4hte&hellip;","og_url":"https:\/\/fortresseurope.com\/de\/segmentales-kevlar\/","og_site_name":"Fortress Europe","article_modified_time":"2024-05-30T19:17:54+00:00","twitter_card":"summary_large_image","twitter_misc":{"Gesch\u00e4tzte Lesezeit":"2\u00a0Minuten"},"schema":{"@context":"https:\/\/schema.org","@graph":[{"@type":"WebPage","@id":"https:\/\/fortresseurope.com\/de\/segmentales-kevlar\/","url":"https:\/\/fortresseurope.com\/de\/segmentales-kevlar\/","name":"Segmentales Kevlar - Fortress Europe","isPartOf":{"@id":"https:\/\/fortresseurope.com\/de\/#website"},"datePublished":"2024-04-22T13:44:44+00:00","dateModified":"2024-05-30T19:17:54+00:00","breadcrumb":{"@id":"https:\/\/fortresseurope.com\/de\/segmentales-kevlar\/#breadcrumb"},"inLanguage":"de","potentialAction":[{"@type":"ReadAction","target":["https:\/\/fortresseurope.com\/de\/segmentales-kevlar\/"]}]},{"@type":"BreadcrumbList","@id":"https:\/\/fortresseurope.com\/de\/segmentales-kevlar\/#breadcrumb","itemListElement":[{"@type":"ListItem","position":1,"name":"Home","item":"https:\/\/fortresseurope.com\/de\/startseite\/"},{"@type":"ListItem","position":2,"name":"Segmentales Kevlar"}]},{"@type":"WebSite","@id":"https:\/\/fortresseurope.com\/de\/#website","url":"https:\/\/fortresseurope.com\/de\/","name":"Fortress Europe","description":"Stabilisation Products","publisher":{"@id":"https:\/\/fortresseurope.com\/de\/#organization"},"potentialAction":[{"@type":"SearchAction","target":{"@type":"EntryPoint","urlTemplate":"https:\/\/fortresseurope.com\/de\/?s={search_term_string}"},"query-input":{"@type":"PropertyValueSpecification","valueRequired":true,"valueName":"search_term_string"}}],"inLanguage":"de"},{"@type":"Organization","@id":"https:\/\/fortresseurope.com\/de\/#organization","name":"Fortress Europe","url":"https:\/\/fortresseurope.com\/de\/","logo":{"@type":"ImageObject","inLanguage":"de","@id":"https:\/\/fortresseurope.com\/de\/#\/schema\/logo\/image\/","url":"https:\/\/fortresseurope.com\/wp-content\/uploads\/2024\/04\/fortresseurope.svg","contentUrl":"https:\/\/fortresseurope.com\/wp-content\/uploads\/2024\/04\/fortresseurope.svg","width":1566,"height":456,"caption":"Fortress Europe"},"image":{"@id":"https:\/\/fortresseurope.com\/de\/#\/schema\/logo\/image\/"}}]}},"_links":{"self":[{"href":"https:\/\/fortresseurope.com\/de\/wp-json\/wp\/v2\/pages\/655","targetHints":{"allow":["GET"]}}],"collection":[{"href":"https:\/\/fortresseurope.com\/de\/wp-json\/wp\/v2\/pages"}],"about":[{"href":"https:\/\/fortresseurope.com\/de\/wp-json\/wp\/v2\/types\/page"}],"author":[{"embeddable":true,"href":"https:\/\/fortresseurope.com\/de\/wp-json\/wp\/v2\/users\/1"}],"replies":[{"embeddable":true,"href":"https:\/\/fortresseurope.com\/de\/wp-json\/wp\/v2\/comments?post=655"}],"version-history":[{"count":1,"href":"https:\/\/fortresseurope.com\/de\/wp-json\/wp\/v2\/pages\/655\/revisions"}],"predecessor-version":[{"id":656,"href":"https:\/\/fortresseurope.com\/de\/wp-json\/wp\/v2\/pages\/655\/revisions\/656"}],"wp:attachment":[{"href":"https:\/\/fortresseurope.com\/de\/wp-json\/wp\/v2\/media?parent=655"}],"curies":[{"name":"wp","href":"https:\/\/api.w.org\/{rel}","templated":true}]}}