{"id":672,"date":"2024-04-10T15:25:17","date_gmt":"2024-04-10T15:25:17","guid":{"rendered":"https:\/\/fortresseurope.com\/startseite\/"},"modified":"2024-05-31T06:28:03","modified_gmt":"2024-05-31T06:28:03","slug":"startseite","status":"publish","type":"page","link":"https:\/\/fortresseurope.com\/de\/","title":{"rendered":"Startseite"},"content":{"rendered":"<div id=\"cs-content\" class=\"cs-content\"><\/div>\n","protected":false},"excerpt":{"rendered":"<p>Innovative Verbundwerkstoffl\u00f6sungen f\u00fcr die Bewehrung von Betonkonstruktionen.DAS \u00c4NDERT ALLESPATENTIERTE VERBUNDTECHNOLOGIEDie ReGrid (Reinforcement Grid) Technologie ist eine innovative L\u00f6sung f\u00fcr gewerbliche und private Betonstrukturen. Mit einem branchenf\u00fchrenden Klebeverfahren, der sogenannten Adhesive Riveting Technology (ART), formt strukturelles Epoxidharz Nieten in dem offenen Gitter, das durch mit Kevlar\u00ae-Querf\u00e4den verwobene Kohlefasern entsteht. Dadurch wird das Produkt chemisch mit der Betonstruktur verbunden.Die Produkte der Fortress-Reihe&hellip;<\/p>\n","protected":false},"author":1,"featured_media":0,"parent":0,"menu_order":0,"comment_status":"closed","ping_status":"closed","template":"template-blank-4.php","meta":{"_acf_changed":false,"inline_featured_image":false,"footnotes":""},"class_list":["post-672","page","type-page","status-publish","hentry","no-post-thumbnail"],"acf":[],"yoast_head":"<!-- This site is optimized with the Yoast SEO plugin v24.1 - https:\/\/yoast.com\/wordpress\/plugins\/seo\/ -->\n<title>Startseite - Fortress Europe<\/title>\n<meta name=\"robots\" content=\"index, follow, max-snippet:-1, max-image-preview:large, max-video-preview:-1\" \/>\n<link rel=\"canonical\" href=\"https:\/\/fortresseurope.com\/de\/\" \/>\n<meta property=\"og:locale\" content=\"de_DE\" \/>\n<meta property=\"og:type\" content=\"article\" \/>\n<meta property=\"og:title\" content=\"Startseite - Fortress Europe\" \/>\n<meta property=\"og:description\" content=\"Innovative Verbundwerkstoffl\u00f6sungen f\u00fcr die Bewehrung von Betonkonstruktionen.DAS \u00c4NDERT ALLESPATENTIERTE VERBUNDTECHNOLOGIEDie ReGrid (Reinforcement Grid) Technologie ist eine innovative L\u00f6sung f\u00fcr gewerbliche und private Betonstrukturen. Mit einem branchenf\u00fchrenden Klebeverfahren, der sogenannten Adhesive Riveting Technology (ART), formt strukturelles Epoxidharz Nieten in dem offenen Gitter, das durch mit Kevlar\u00ae-Querf\u00e4den verwobene Kohlefasern entsteht. Dadurch wird das Produkt chemisch mit der Betonstruktur verbunden.Die Produkte der Fortress-Reihe&hellip;\" \/>\n<meta property=\"og:url\" content=\"https:\/\/fortresseurope.com\/de\/\" \/>\n<meta property=\"og:site_name\" content=\"Fortress Europe\" \/>\n<meta property=\"article:modified_time\" content=\"2024-05-31T06:28:03+00:00\" \/>\n<meta name=\"twitter:card\" content=\"summary_large_image\" \/>\n<meta name=\"twitter:label1\" content=\"Gesch\u00e4tzte Lesezeit\" \/>\n\t<meta name=\"twitter:data1\" content=\"6\u00a0Minuten\" \/>\n<script type=\"application\/ld+json\" class=\"yoast-schema-graph\">{\"@context\":\"https:\/\/schema.org\",\"@graph\":[{\"@type\":\"WebPage\",\"@id\":\"https:\/\/fortresseurope.com\/de\/\",\"url\":\"https:\/\/fortresseurope.com\/de\/\",\"name\":\"Startseite - Fortress Europe\",\"isPartOf\":{\"@id\":\"https:\/\/fortresseurope.com\/de\/#website\"},\"datePublished\":\"2024-04-10T15:25:17+00:00\",\"dateModified\":\"2024-05-31T06:28:03+00:00\",\"breadcrumb\":{\"@id\":\"https:\/\/fortresseurope.com\/de\/#breadcrumb\"},\"inLanguage\":\"de\",\"potentialAction\":[{\"@type\":\"ReadAction\",\"target\":[\"https:\/\/fortresseurope.com\/de\/\"]}]},{\"@type\":\"BreadcrumbList\",\"@id\":\"https:\/\/fortresseurope.com\/de\/#breadcrumb\",\"itemListElement\":[{\"@type\":\"ListItem\",\"position\":1,\"name\":\"Home\",\"item\":\"https:\/\/fortresseurope.com\/de\/startseite\/\"},{\"@type\":\"ListItem\",\"position\":2,\"name\":\"Startseite\"}]},{\"@type\":\"WebSite\",\"@id\":\"https:\/\/fortresseurope.com\/de\/#website\",\"url\":\"https:\/\/fortresseurope.com\/de\/\",\"name\":\"Fortress Europe\",\"description\":\"Stabilisation Products\",\"publisher\":{\"@id\":\"https:\/\/fortresseurope.com\/de\/#organization\"},\"potentialAction\":[{\"@type\":\"SearchAction\",\"target\":{\"@type\":\"EntryPoint\",\"urlTemplate\":\"https:\/\/fortresseurope.com\/de\/?s={search_term_string}\"},\"query-input\":{\"@type\":\"PropertyValueSpecification\",\"valueRequired\":true,\"valueName\":\"search_term_string\"}}],\"inLanguage\":\"de\"},{\"@type\":\"Organization\",\"@id\":\"https:\/\/fortresseurope.com\/de\/#organization\",\"name\":\"Fortress Europe\",\"url\":\"https:\/\/fortresseurope.com\/de\/\",\"logo\":{\"@type\":\"ImageObject\",\"inLanguage\":\"de\",\"@id\":\"https:\/\/fortresseurope.com\/de\/#\/schema\/logo\/image\/\",\"url\":\"https:\/\/fortresseurope.com\/wp-content\/uploads\/2024\/04\/fortresseurope.svg\",\"contentUrl\":\"https:\/\/fortresseurope.com\/wp-content\/uploads\/2024\/04\/fortresseurope.svg\",\"width\":1566,\"height\":456,\"caption\":\"Fortress Europe\"},\"image\":{\"@id\":\"https:\/\/fortresseurope.com\/de\/#\/schema\/logo\/image\/\"}}]}<\/script>\n<!-- \/ Yoast SEO plugin. -->","yoast_head_json":{"title":"Startseite - Fortress Europe","robots":{"index":"index","follow":"follow","max-snippet":"max-snippet:-1","max-image-preview":"max-image-preview:large","max-video-preview":"max-video-preview:-1"},"canonical":"https:\/\/fortresseurope.com\/de\/","og_locale":"de_DE","og_type":"article","og_title":"Startseite - Fortress Europe","og_description":"Innovative Verbundwerkstoffl\u00f6sungen f\u00fcr die Bewehrung von Betonkonstruktionen.DAS \u00c4NDERT ALLESPATENTIERTE VERBUNDTECHNOLOGIEDie ReGrid (Reinforcement Grid) Technologie ist eine innovative L\u00f6sung f\u00fcr gewerbliche und private Betonstrukturen. Mit einem branchenf\u00fchrenden Klebeverfahren, der sogenannten Adhesive Riveting Technology (ART), formt strukturelles Epoxidharz Nieten in dem offenen Gitter, das durch mit Kevlar\u00ae-Querf\u00e4den verwobene Kohlefasern entsteht. Dadurch wird das Produkt chemisch mit der Betonstruktur verbunden.Die Produkte der Fortress-Reihe&hellip;","og_url":"https:\/\/fortresseurope.com\/de\/","og_site_name":"Fortress Europe","article_modified_time":"2024-05-31T06:28:03+00:00","twitter_card":"summary_large_image","twitter_misc":{"Gesch\u00e4tzte Lesezeit":"6\u00a0Minuten"},"schema":{"@context":"https:\/\/schema.org","@graph":[{"@type":"WebPage","@id":"https:\/\/fortresseurope.com\/de\/","url":"https:\/\/fortresseurope.com\/de\/","name":"Startseite - Fortress Europe","isPartOf":{"@id":"https:\/\/fortresseurope.com\/de\/#website"},"datePublished":"2024-04-10T15:25:17+00:00","dateModified":"2024-05-31T06:28:03+00:00","breadcrumb":{"@id":"https:\/\/fortresseurope.com\/de\/#breadcrumb"},"inLanguage":"de","potentialAction":[{"@type":"ReadAction","target":["https:\/\/fortresseurope.com\/de\/"]}]},{"@type":"BreadcrumbList","@id":"https:\/\/fortresseurope.com\/de\/#breadcrumb","itemListElement":[{"@type":"ListItem","position":1,"name":"Home","item":"https:\/\/fortresseurope.com\/de\/startseite\/"},{"@type":"ListItem","position":2,"name":"Startseite"}]},{"@type":"WebSite","@id":"https:\/\/fortresseurope.com\/de\/#website","url":"https:\/\/fortresseurope.com\/de\/","name":"Fortress Europe","description":"Stabilisation Products","publisher":{"@id":"https:\/\/fortresseurope.com\/de\/#organization"},"potentialAction":[{"@type":"SearchAction","target":{"@type":"EntryPoint","urlTemplate":"https:\/\/fortresseurope.com\/de\/?s={search_term_string}"},"query-input":{"@type":"PropertyValueSpecification","valueRequired":true,"valueName":"search_term_string"}}],"inLanguage":"de"},{"@type":"Organization","@id":"https:\/\/fortresseurope.com\/de\/#organization","name":"Fortress Europe","url":"https:\/\/fortresseurope.com\/de\/","logo":{"@type":"ImageObject","inLanguage":"de","@id":"https:\/\/fortresseurope.com\/de\/#\/schema\/logo\/image\/","url":"https:\/\/fortresseurope.com\/wp-content\/uploads\/2024\/04\/fortresseurope.svg","contentUrl":"https:\/\/fortresseurope.com\/wp-content\/uploads\/2024\/04\/fortresseurope.svg","width":1566,"height":456,"caption":"Fortress Europe"},"image":{"@id":"https:\/\/fortresseurope.com\/de\/#\/schema\/logo\/image\/"}}]}},"_links":{"self":[{"href":"https:\/\/fortresseurope.com\/de\/wp-json\/wp\/v2\/pages\/672","targetHints":{"allow":["GET"]}}],"collection":[{"href":"https:\/\/fortresseurope.com\/de\/wp-json\/wp\/v2\/pages"}],"about":[{"href":"https:\/\/fortresseurope.com\/de\/wp-json\/wp\/v2\/types\/page"}],"author":[{"embeddable":true,"href":"https:\/\/fortresseurope.com\/de\/wp-json\/wp\/v2\/users\/1"}],"replies":[{"embeddable":true,"href":"https:\/\/fortresseurope.com\/de\/wp-json\/wp\/v2\/comments?post=672"}],"version-history":[{"count":2,"href":"https:\/\/fortresseurope.com\/de\/wp-json\/wp\/v2\/pages\/672\/revisions"}],"predecessor-version":[{"id":728,"href":"https:\/\/fortresseurope.com\/de\/wp-json\/wp\/v2\/pages\/672\/revisions\/728"}],"wp:attachment":[{"href":"https:\/\/fortresseurope.com\/de\/wp-json\/wp\/v2\/media?parent=672"}],"curies":[{"name":"wp","href":"https:\/\/api.w.org\/{rel}","templated":true}]}}