{"id":693,"date":"2024-04-22T13:49:39","date_gmt":"2024-04-22T13:49:39","guid":{"rendered":"https:\/\/fortresseurope.com\/ueber\/"},"modified":"2025-02-26T15:19:36","modified_gmt":"2025-02-26T15:19:36","slug":"ueber","status":"publish","type":"page","link":"https:\/\/fortresseurope.com\/de\/ueber\/","title":{"rendered":"\u00dcber | Verst\u00e4rkung der Infrastruktur"},"content":{"rendered":"<div id=\"cs-content\" class=\"cs-content\"><\/div>\n","protected":false},"excerpt":{"rendered":"<p>\u00dcber | Verst\u00e4rkung der InfrastrukturDie Geschichte der Festungsstabilisierung beginnt in den USA!HomeDer Inhaber von Fortress USA, Ed Wheatley, verf\u00fcgt \u00fcber fundierte Kenntnisse im Bereich der Keller- und Infrastrukturbefestigung. Seine unternehmerische Reise begann 1982 mit der Gr\u00fcndung seines ersten Unternehmens, Extang, das sich direkt \u00fcber dem elterlichen Keller befindet. Im Jahr 1998 kehrte Wheatley zu seinen Wurzeln zur\u00fcck und begann mit&hellip;<\/p>\n","protected":false},"author":1,"featured_media":0,"parent":0,"menu_order":0,"comment_status":"closed","ping_status":"closed","template":"template-blank-4.php","meta":{"_acf_changed":false,"inline_featured_image":false,"footnotes":""},"class_list":["post-693","page","type-page","status-publish","hentry","no-post-thumbnail"],"acf":[],"yoast_head":"<!-- This site is optimized with the Yoast SEO plugin v24.1 - https:\/\/yoast.com\/wordpress\/plugins\/seo\/ -->\n<title>\u00dcber | Verst\u00e4rkung der Infrastruktur - Fortress Europe<\/title>\n<meta name=\"robots\" content=\"index, follow, max-snippet:-1, max-image-preview:large, max-video-preview:-1\" \/>\n<link rel=\"canonical\" href=\"https:\/\/fortresseurope.com\/de\/ueber\/\" \/>\n<meta property=\"og:locale\" content=\"de_DE\" \/>\n<meta property=\"og:type\" content=\"article\" \/>\n<meta property=\"og:title\" content=\"\u00dcber | Verst\u00e4rkung der Infrastruktur - Fortress Europe\" \/>\n<meta property=\"og:description\" content=\"\u00dcber | Verst\u00e4rkung der InfrastrukturDie Geschichte der Festungsstabilisierung beginnt in den USA!HomeDer Inhaber von Fortress USA, Ed Wheatley, verf\u00fcgt \u00fcber fundierte Kenntnisse im Bereich der Keller- und Infrastrukturbefestigung. Seine unternehmerische Reise begann 1982 mit der Gr\u00fcndung seines ersten Unternehmens, Extang, das sich direkt \u00fcber dem elterlichen Keller befindet. Im Jahr 1998 kehrte Wheatley zu seinen Wurzeln zur\u00fcck und begann mit&hellip;\" \/>\n<meta property=\"og:url\" content=\"https:\/\/fortresseurope.com\/de\/ueber\/\" \/>\n<meta property=\"og:site_name\" content=\"Fortress Europe\" \/>\n<meta property=\"article:modified_time\" content=\"2025-02-26T15:19:36+00:00\" \/>\n<meta name=\"twitter:card\" content=\"summary_large_image\" \/>\n<meta name=\"twitter:label1\" content=\"Gesch\u00e4tzte Lesezeit\" \/>\n\t<meta name=\"twitter:data1\" content=\"3\u00a0Minuten\" \/>\n<script type=\"application\/ld+json\" class=\"yoast-schema-graph\">{\"@context\":\"https:\/\/schema.org\",\"@graph\":[{\"@type\":\"WebPage\",\"@id\":\"https:\/\/fortresseurope.com\/de\/ueber\/\",\"url\":\"https:\/\/fortresseurope.com\/de\/ueber\/\",\"name\":\"\u00dcber | Verst\u00e4rkung der Infrastruktur - Fortress Europe\",\"isPartOf\":{\"@id\":\"https:\/\/fortresseurope.com\/de\/#website\"},\"datePublished\":\"2024-04-22T13:49:39+00:00\",\"dateModified\":\"2025-02-26T15:19:36+00:00\",\"breadcrumb\":{\"@id\":\"https:\/\/fortresseurope.com\/de\/ueber\/#breadcrumb\"},\"inLanguage\":\"de\",\"potentialAction\":[{\"@type\":\"ReadAction\",\"target\":[\"https:\/\/fortresseurope.com\/de\/ueber\/\"]}]},{\"@type\":\"BreadcrumbList\",\"@id\":\"https:\/\/fortresseurope.com\/de\/ueber\/#breadcrumb\",\"itemListElement\":[{\"@type\":\"ListItem\",\"position\":1,\"name\":\"Home\",\"item\":\"https:\/\/fortresseurope.com\/de\/startseite\/\"},{\"@type\":\"ListItem\",\"position\":2,\"name\":\"\u00dcber | Verst\u00e4rkung der Infrastruktur\"}]},{\"@type\":\"WebSite\",\"@id\":\"https:\/\/fortresseurope.com\/de\/#website\",\"url\":\"https:\/\/fortresseurope.com\/de\/\",\"name\":\"Fortress Europe\",\"description\":\"Stabilisation Products\",\"publisher\":{\"@id\":\"https:\/\/fortresseurope.com\/de\/#organization\"},\"potentialAction\":[{\"@type\":\"SearchAction\",\"target\":{\"@type\":\"EntryPoint\",\"urlTemplate\":\"https:\/\/fortresseurope.com\/de\/?s={search_term_string}\"},\"query-input\":{\"@type\":\"PropertyValueSpecification\",\"valueRequired\":true,\"valueName\":\"search_term_string\"}}],\"inLanguage\":\"de\"},{\"@type\":\"Organization\",\"@id\":\"https:\/\/fortresseurope.com\/de\/#organization\",\"name\":\"Fortress Europe\",\"url\":\"https:\/\/fortresseurope.com\/de\/\",\"logo\":{\"@type\":\"ImageObject\",\"inLanguage\":\"de\",\"@id\":\"https:\/\/fortresseurope.com\/de\/#\/schema\/logo\/image\/\",\"url\":\"https:\/\/fortresseurope.com\/wp-content\/uploads\/2024\/04\/fortresseurope.svg\",\"contentUrl\":\"https:\/\/fortresseurope.com\/wp-content\/uploads\/2024\/04\/fortresseurope.svg\",\"width\":1566,\"height\":456,\"caption\":\"Fortress Europe\"},\"image\":{\"@id\":\"https:\/\/fortresseurope.com\/de\/#\/schema\/logo\/image\/\"}}]}<\/script>\n<!-- \/ Yoast SEO plugin. -->","yoast_head_json":{"title":"\u00dcber | Verst\u00e4rkung der Infrastruktur - Fortress Europe","robots":{"index":"index","follow":"follow","max-snippet":"max-snippet:-1","max-image-preview":"max-image-preview:large","max-video-preview":"max-video-preview:-1"},"canonical":"https:\/\/fortresseurope.com\/de\/ueber\/","og_locale":"de_DE","og_type":"article","og_title":"\u00dcber | Verst\u00e4rkung der Infrastruktur - Fortress Europe","og_description":"\u00dcber | Verst\u00e4rkung der InfrastrukturDie Geschichte der Festungsstabilisierung beginnt in den USA!HomeDer Inhaber von Fortress USA, Ed Wheatley, verf\u00fcgt \u00fcber fundierte Kenntnisse im Bereich der Keller- und Infrastrukturbefestigung. Seine unternehmerische Reise begann 1982 mit der Gr\u00fcndung seines ersten Unternehmens, Extang, das sich direkt \u00fcber dem elterlichen Keller befindet. Im Jahr 1998 kehrte Wheatley zu seinen Wurzeln zur\u00fcck und begann mit&hellip;","og_url":"https:\/\/fortresseurope.com\/de\/ueber\/","og_site_name":"Fortress Europe","article_modified_time":"2025-02-26T15:19:36+00:00","twitter_card":"summary_large_image","twitter_misc":{"Gesch\u00e4tzte Lesezeit":"3\u00a0Minuten"},"schema":{"@context":"https:\/\/schema.org","@graph":[{"@type":"WebPage","@id":"https:\/\/fortresseurope.com\/de\/ueber\/","url":"https:\/\/fortresseurope.com\/de\/ueber\/","name":"\u00dcber | Verst\u00e4rkung der Infrastruktur - Fortress Europe","isPartOf":{"@id":"https:\/\/fortresseurope.com\/de\/#website"},"datePublished":"2024-04-22T13:49:39+00:00","dateModified":"2025-02-26T15:19:36+00:00","breadcrumb":{"@id":"https:\/\/fortresseurope.com\/de\/ueber\/#breadcrumb"},"inLanguage":"de","potentialAction":[{"@type":"ReadAction","target":["https:\/\/fortresseurope.com\/de\/ueber\/"]}]},{"@type":"BreadcrumbList","@id":"https:\/\/fortresseurope.com\/de\/ueber\/#breadcrumb","itemListElement":[{"@type":"ListItem","position":1,"name":"Home","item":"https:\/\/fortresseurope.com\/de\/startseite\/"},{"@type":"ListItem","position":2,"name":"\u00dcber | Verst\u00e4rkung der Infrastruktur"}]},{"@type":"WebSite","@id":"https:\/\/fortresseurope.com\/de\/#website","url":"https:\/\/fortresseurope.com\/de\/","name":"Fortress Europe","description":"Stabilisation Products","publisher":{"@id":"https:\/\/fortresseurope.com\/de\/#organization"},"potentialAction":[{"@type":"SearchAction","target":{"@type":"EntryPoint","urlTemplate":"https:\/\/fortresseurope.com\/de\/?s={search_term_string}"},"query-input":{"@type":"PropertyValueSpecification","valueRequired":true,"valueName":"search_term_string"}}],"inLanguage":"de"},{"@type":"Organization","@id":"https:\/\/fortresseurope.com\/de\/#organization","name":"Fortress Europe","url":"https:\/\/fortresseurope.com\/de\/","logo":{"@type":"ImageObject","inLanguage":"de","@id":"https:\/\/fortresseurope.com\/de\/#\/schema\/logo\/image\/","url":"https:\/\/fortresseurope.com\/wp-content\/uploads\/2024\/04\/fortresseurope.svg","contentUrl":"https:\/\/fortresseurope.com\/wp-content\/uploads\/2024\/04\/fortresseurope.svg","width":1566,"height":456,"caption":"Fortress Europe"},"image":{"@id":"https:\/\/fortresseurope.com\/de\/#\/schema\/logo\/image\/"}}]}},"_links":{"self":[{"href":"https:\/\/fortresseurope.com\/de\/wp-json\/wp\/v2\/pages\/693","targetHints":{"allow":["GET"]}}],"collection":[{"href":"https:\/\/fortresseurope.com\/de\/wp-json\/wp\/v2\/pages"}],"about":[{"href":"https:\/\/fortresseurope.com\/de\/wp-json\/wp\/v2\/types\/page"}],"author":[{"embeddable":true,"href":"https:\/\/fortresseurope.com\/de\/wp-json\/wp\/v2\/users\/1"}],"replies":[{"embeddable":true,"href":"https:\/\/fortresseurope.com\/de\/wp-json\/wp\/v2\/comments?post=693"}],"version-history":[{"count":2,"href":"https:\/\/fortresseurope.com\/de\/wp-json\/wp\/v2\/pages\/693\/revisions"}],"predecessor-version":[{"id":1368,"href":"https:\/\/fortresseurope.com\/de\/wp-json\/wp\/v2\/pages\/693\/revisions\/1368"}],"wp:attachment":[{"href":"https:\/\/fortresseurope.com\/de\/wp-json\/wp\/v2\/media?parent=693"}],"curies":[{"name":"wp","href":"https:\/\/api.w.org\/{rel}","templated":true}]}}