{"id":717,"date":"2024-04-22T13:44:32","date_gmt":"2024-04-22T13:44:32","guid":{"rendered":"https:\/\/fortresseurope.com\/kohlenstoff-ecke\/"},"modified":"2024-05-30T19:18:18","modified_gmt":"2024-05-30T19:18:18","slug":"kohlenstoff-ecke","status":"publish","type":"page","link":"https:\/\/fortresseurope.com\/de\/kohlenstoff-ecke\/","title":{"rendered":"Kohlenstoff-Ecke"},"content":{"rendered":"<div id=\"cs-content\" class=\"cs-content\"><\/div>\n","protected":false},"excerpt":{"rendered":"<p>Kohlenstoff-EckeEine vorimpr\u00e4gnierte, halbstarre Kohlefaserstrebe zur Verhinderung von Eckabl\u00f6sungenHomeDie Karbon-Ecke ist eine vorimpr\u00e4gnierte, halbstarre Karbonfaserstrebe, die das Abl\u00f6sen der Ecken verhindert. Es hat die Ma\u00dfe 2&#8242; x 2&#8242; und ist so konzipiert, dass es sich um eine Ecke von etwa 90 Grad biegen l\u00e4sst. Die Karbon-Ecke ist am effektivsten, wenn sie mit ReGrid-Verl\u00e4ngerungen installiert wird, die die Klebefl\u00e4che vergr\u00f6\u00dfern und so&hellip;<\/p>\n","protected":false},"author":1,"featured_media":0,"parent":0,"menu_order":0,"comment_status":"closed","ping_status":"closed","template":"template-blank-4.php","meta":{"_acf_changed":false,"inline_featured_image":false,"footnotes":""},"class_list":["post-717","page","type-page","status-publish","hentry","no-post-thumbnail"],"acf":[],"yoast_head":"<!-- This site is optimized with the Yoast SEO plugin v24.1 - https:\/\/yoast.com\/wordpress\/plugins\/seo\/ -->\n<title>Kohlenstoff-Ecke - Fortress Europe<\/title>\n<meta name=\"robots\" content=\"index, follow, max-snippet:-1, max-image-preview:large, max-video-preview:-1\" \/>\n<link rel=\"canonical\" href=\"https:\/\/fortresseurope.com\/de\/kohlenstoff-ecke\/\" \/>\n<meta property=\"og:locale\" content=\"de_DE\" \/>\n<meta property=\"og:type\" content=\"article\" \/>\n<meta property=\"og:title\" content=\"Kohlenstoff-Ecke - Fortress Europe\" \/>\n<meta property=\"og:description\" content=\"Kohlenstoff-EckeEine vorimpr\u00e4gnierte, halbstarre Kohlefaserstrebe zur Verhinderung von Eckabl\u00f6sungenHomeDie Karbon-Ecke ist eine vorimpr\u00e4gnierte, halbstarre Karbonfaserstrebe, die das Abl\u00f6sen der Ecken verhindert. Es hat die Ma\u00dfe 2&#039; x 2&#039; und ist so konzipiert, dass es sich um eine Ecke von etwa 90 Grad biegen l\u00e4sst. Die Karbon-Ecke ist am effektivsten, wenn sie mit ReGrid-Verl\u00e4ngerungen installiert wird, die die Klebefl\u00e4che vergr\u00f6\u00dfern und so&hellip;\" \/>\n<meta property=\"og:url\" content=\"https:\/\/fortresseurope.com\/de\/kohlenstoff-ecke\/\" \/>\n<meta property=\"og:site_name\" content=\"Fortress Europe\" \/>\n<meta property=\"article:modified_time\" content=\"2024-05-30T19:18:18+00:00\" \/>\n<meta name=\"twitter:card\" content=\"summary_large_image\" \/>\n<meta name=\"twitter:label1\" content=\"Gesch\u00e4tzte Lesezeit\" \/>\n\t<meta name=\"twitter:data1\" content=\"3\u00a0Minuten\" \/>\n<script type=\"application\/ld+json\" class=\"yoast-schema-graph\">{\"@context\":\"https:\/\/schema.org\",\"@graph\":[{\"@type\":\"WebPage\",\"@id\":\"https:\/\/fortresseurope.com\/de\/kohlenstoff-ecke\/\",\"url\":\"https:\/\/fortresseurope.com\/de\/kohlenstoff-ecke\/\",\"name\":\"Kohlenstoff-Ecke - Fortress Europe\",\"isPartOf\":{\"@id\":\"https:\/\/fortresseurope.com\/de\/#website\"},\"datePublished\":\"2024-04-22T13:44:32+00:00\",\"dateModified\":\"2024-05-30T19:18:18+00:00\",\"breadcrumb\":{\"@id\":\"https:\/\/fortresseurope.com\/de\/kohlenstoff-ecke\/#breadcrumb\"},\"inLanguage\":\"de\",\"potentialAction\":[{\"@type\":\"ReadAction\",\"target\":[\"https:\/\/fortresseurope.com\/de\/kohlenstoff-ecke\/\"]}]},{\"@type\":\"BreadcrumbList\",\"@id\":\"https:\/\/fortresseurope.com\/de\/kohlenstoff-ecke\/#breadcrumb\",\"itemListElement\":[{\"@type\":\"ListItem\",\"position\":1,\"name\":\"Home\",\"item\":\"https:\/\/fortresseurope.com\/de\/startseite\/\"},{\"@type\":\"ListItem\",\"position\":2,\"name\":\"Kohlenstoff-Ecke\"}]},{\"@type\":\"WebSite\",\"@id\":\"https:\/\/fortresseurope.com\/de\/#website\",\"url\":\"https:\/\/fortresseurope.com\/de\/\",\"name\":\"Fortress Europe\",\"description\":\"Stabilisation Products\",\"publisher\":{\"@id\":\"https:\/\/fortresseurope.com\/de\/#organization\"},\"potentialAction\":[{\"@type\":\"SearchAction\",\"target\":{\"@type\":\"EntryPoint\",\"urlTemplate\":\"https:\/\/fortresseurope.com\/de\/?s={search_term_string}\"},\"query-input\":{\"@type\":\"PropertyValueSpecification\",\"valueRequired\":true,\"valueName\":\"search_term_string\"}}],\"inLanguage\":\"de\"},{\"@type\":\"Organization\",\"@id\":\"https:\/\/fortresseurope.com\/de\/#organization\",\"name\":\"Fortress Europe\",\"url\":\"https:\/\/fortresseurope.com\/de\/\",\"logo\":{\"@type\":\"ImageObject\",\"inLanguage\":\"de\",\"@id\":\"https:\/\/fortresseurope.com\/de\/#\/schema\/logo\/image\/\",\"url\":\"https:\/\/fortresseurope.com\/wp-content\/uploads\/2024\/04\/fortresseurope.svg\",\"contentUrl\":\"https:\/\/fortresseurope.com\/wp-content\/uploads\/2024\/04\/fortresseurope.svg\",\"width\":1566,\"height\":456,\"caption\":\"Fortress Europe\"},\"image\":{\"@id\":\"https:\/\/fortresseurope.com\/de\/#\/schema\/logo\/image\/\"}}]}<\/script>\n<!-- \/ Yoast SEO plugin. -->","yoast_head_json":{"title":"Kohlenstoff-Ecke - Fortress Europe","robots":{"index":"index","follow":"follow","max-snippet":"max-snippet:-1","max-image-preview":"max-image-preview:large","max-video-preview":"max-video-preview:-1"},"canonical":"https:\/\/fortresseurope.com\/de\/kohlenstoff-ecke\/","og_locale":"de_DE","og_type":"article","og_title":"Kohlenstoff-Ecke - Fortress Europe","og_description":"Kohlenstoff-EckeEine vorimpr\u00e4gnierte, halbstarre Kohlefaserstrebe zur Verhinderung von Eckabl\u00f6sungenHomeDie Karbon-Ecke ist eine vorimpr\u00e4gnierte, halbstarre Karbonfaserstrebe, die das Abl\u00f6sen der Ecken verhindert. Es hat die Ma\u00dfe 2' x 2' und ist so konzipiert, dass es sich um eine Ecke von etwa 90 Grad biegen l\u00e4sst. Die Karbon-Ecke ist am effektivsten, wenn sie mit ReGrid-Verl\u00e4ngerungen installiert wird, die die Klebefl\u00e4che vergr\u00f6\u00dfern und so&hellip;","og_url":"https:\/\/fortresseurope.com\/de\/kohlenstoff-ecke\/","og_site_name":"Fortress Europe","article_modified_time":"2024-05-30T19:18:18+00:00","twitter_card":"summary_large_image","twitter_misc":{"Gesch\u00e4tzte Lesezeit":"3\u00a0Minuten"},"schema":{"@context":"https:\/\/schema.org","@graph":[{"@type":"WebPage","@id":"https:\/\/fortresseurope.com\/de\/kohlenstoff-ecke\/","url":"https:\/\/fortresseurope.com\/de\/kohlenstoff-ecke\/","name":"Kohlenstoff-Ecke - Fortress Europe","isPartOf":{"@id":"https:\/\/fortresseurope.com\/de\/#website"},"datePublished":"2024-04-22T13:44:32+00:00","dateModified":"2024-05-30T19:18:18+00:00","breadcrumb":{"@id":"https:\/\/fortresseurope.com\/de\/kohlenstoff-ecke\/#breadcrumb"},"inLanguage":"de","potentialAction":[{"@type":"ReadAction","target":["https:\/\/fortresseurope.com\/de\/kohlenstoff-ecke\/"]}]},{"@type":"BreadcrumbList","@id":"https:\/\/fortresseurope.com\/de\/kohlenstoff-ecke\/#breadcrumb","itemListElement":[{"@type":"ListItem","position":1,"name":"Home","item":"https:\/\/fortresseurope.com\/de\/startseite\/"},{"@type":"ListItem","position":2,"name":"Kohlenstoff-Ecke"}]},{"@type":"WebSite","@id":"https:\/\/fortresseurope.com\/de\/#website","url":"https:\/\/fortresseurope.com\/de\/","name":"Fortress Europe","description":"Stabilisation Products","publisher":{"@id":"https:\/\/fortresseurope.com\/de\/#organization"},"potentialAction":[{"@type":"SearchAction","target":{"@type":"EntryPoint","urlTemplate":"https:\/\/fortresseurope.com\/de\/?s={search_term_string}"},"query-input":{"@type":"PropertyValueSpecification","valueRequired":true,"valueName":"search_term_string"}}],"inLanguage":"de"},{"@type":"Organization","@id":"https:\/\/fortresseurope.com\/de\/#organization","name":"Fortress Europe","url":"https:\/\/fortresseurope.com\/de\/","logo":{"@type":"ImageObject","inLanguage":"de","@id":"https:\/\/fortresseurope.com\/de\/#\/schema\/logo\/image\/","url":"https:\/\/fortresseurope.com\/wp-content\/uploads\/2024\/04\/fortresseurope.svg","contentUrl":"https:\/\/fortresseurope.com\/wp-content\/uploads\/2024\/04\/fortresseurope.svg","width":1566,"height":456,"caption":"Fortress Europe"},"image":{"@id":"https:\/\/fortresseurope.com\/de\/#\/schema\/logo\/image\/"}}]}},"_links":{"self":[{"href":"https:\/\/fortresseurope.com\/de\/wp-json\/wp\/v2\/pages\/717","targetHints":{"allow":["GET"]}}],"collection":[{"href":"https:\/\/fortresseurope.com\/de\/wp-json\/wp\/v2\/pages"}],"about":[{"href":"https:\/\/fortresseurope.com\/de\/wp-json\/wp\/v2\/types\/page"}],"author":[{"embeddable":true,"href":"https:\/\/fortresseurope.com\/de\/wp-json\/wp\/v2\/users\/1"}],"replies":[{"embeddable":true,"href":"https:\/\/fortresseurope.com\/de\/wp-json\/wp\/v2\/comments?post=717"}],"version-history":[{"count":1,"href":"https:\/\/fortresseurope.com\/de\/wp-json\/wp\/v2\/pages\/717\/revisions"}],"predecessor-version":[{"id":719,"href":"https:\/\/fortresseurope.com\/de\/wp-json\/wp\/v2\/pages\/717\/revisions\/719"}],"wp:attachment":[{"href":"https:\/\/fortresseurope.com\/de\/wp-json\/wp\/v2\/media?parent=717"}],"curies":[{"name":"wp","href":"https:\/\/api.w.org\/{rel}","templated":true}]}}