{"id":657,"date":"2024-04-22T13:44:03","date_gmt":"2024-04-22T13:44:03","guid":{"rendered":"https:\/\/fortresseurope.com\/regrid\/"},"modified":"2024-05-30T19:17:55","modified_gmt":"2024-05-30T19:17:55","slug":"regrid","status":"publish","type":"page","link":"https:\/\/fortresseurope.com\/es\/regrid\/","title":{"rendered":"ReGrid"},"content":{"rendered":"<div id=\"cs-content\" class=\"cs-content\"><\/div>\n","protected":false},"excerpt":{"rendered":"<p>ReGridTecnolog\u00eda de rejilla de refuerzoHomeAcerca de ReGridLa tecnolog\u00eda ReGrid (Reinforcement Grid) es un material compuesto patentado para el refuerzo de estructuras de hormig\u00f3n. Proporciona una resistencia a la tracci\u00f3n de casi 300 psi y elimina las molestias de \u00abmojar\u00bb los tejidos de PRFV, lo que lo hace especialmente ventajoso para instalaciones a\u00e9reas. Adem\u00e1s, ReGrid proporciona una UNI\u00d3N VISIBLE SIN VAC\u00cdOS,&hellip;<\/p>\n","protected":false},"author":1,"featured_media":0,"parent":0,"menu_order":0,"comment_status":"closed","ping_status":"closed","template":"template-blank-4.php","meta":{"_acf_changed":false,"inline_featured_image":false,"footnotes":""},"class_list":["post-657","page","type-page","status-publish","hentry","no-post-thumbnail"],"acf":[],"yoast_head":"<!-- This site is optimized with the Yoast SEO plugin v24.1 - https:\/\/yoast.com\/wordpress\/plugins\/seo\/ -->\n<title>ReGrid - Fortress Europe<\/title>\n<meta name=\"robots\" content=\"index, follow, max-snippet:-1, max-image-preview:large, max-video-preview:-1\" \/>\n<link rel=\"canonical\" href=\"https:\/\/fortresseurope.com\/es\/regrid\/\" \/>\n<meta property=\"og:locale\" content=\"es_ES\" \/>\n<meta property=\"og:type\" content=\"article\" \/>\n<meta property=\"og:title\" content=\"ReGrid - Fortress Europe\" \/>\n<meta property=\"og:description\" content=\"ReGridTecnolog\u00eda de rejilla de refuerzoHomeAcerca de ReGridLa tecnolog\u00eda ReGrid (Reinforcement Grid) es un material compuesto patentado para el refuerzo de estructuras de hormig\u00f3n. Proporciona una resistencia a la tracci\u00f3n de casi 300 psi y elimina las molestias de &quot;mojar&quot; los tejidos de PRFV, lo que lo hace especialmente ventajoso para instalaciones a\u00e9reas. Adem\u00e1s, ReGrid proporciona una UNI\u00d3N VISIBLE SIN VAC\u00cdOS,&hellip;\" \/>\n<meta property=\"og:url\" content=\"https:\/\/fortresseurope.com\/es\/regrid\/\" \/>\n<meta property=\"og:site_name\" content=\"Fortress Europe\" \/>\n<meta property=\"article:modified_time\" content=\"2024-05-30T19:17:55+00:00\" \/>\n<meta name=\"twitter:card\" content=\"summary_large_image\" \/>\n<meta name=\"twitter:label1\" content=\"Tiempo de lectura\" \/>\n\t<meta name=\"twitter:data1\" content=\"3 minutos\" \/>\n<script type=\"application\/ld+json\" class=\"yoast-schema-graph\">{\"@context\":\"https:\/\/schema.org\",\"@graph\":[{\"@type\":\"WebPage\",\"@id\":\"https:\/\/fortresseurope.com\/es\/regrid\/\",\"url\":\"https:\/\/fortresseurope.com\/es\/regrid\/\",\"name\":\"ReGrid - Fortress Europe\",\"isPartOf\":{\"@id\":\"https:\/\/fortresseurope.com\/es\/#website\"},\"datePublished\":\"2024-04-22T13:44:03+00:00\",\"dateModified\":\"2024-05-30T19:17:55+00:00\",\"breadcrumb\":{\"@id\":\"https:\/\/fortresseurope.com\/es\/regrid\/#breadcrumb\"},\"inLanguage\":\"es\",\"potentialAction\":[{\"@type\":\"ReadAction\",\"target\":[\"https:\/\/fortresseurope.com\/es\/regrid\/\"]}]},{\"@type\":\"BreadcrumbList\",\"@id\":\"https:\/\/fortresseurope.com\/es\/regrid\/#breadcrumb\",\"itemListElement\":[{\"@type\":\"ListItem\",\"position\":1,\"name\":\"Home\",\"item\":\"https:\/\/fortresseurope.com\/es\/inicio\/\"},{\"@type\":\"ListItem\",\"position\":2,\"name\":\"ReGrid\"}]},{\"@type\":\"WebSite\",\"@id\":\"https:\/\/fortresseurope.com\/es\/#website\",\"url\":\"https:\/\/fortresseurope.com\/es\/\",\"name\":\"Fortress Europe\",\"description\":\"Stabilisation Products\",\"publisher\":{\"@id\":\"https:\/\/fortresseurope.com\/es\/#organization\"},\"potentialAction\":[{\"@type\":\"SearchAction\",\"target\":{\"@type\":\"EntryPoint\",\"urlTemplate\":\"https:\/\/fortresseurope.com\/es\/?s={search_term_string}\"},\"query-input\":{\"@type\":\"PropertyValueSpecification\",\"valueRequired\":true,\"valueName\":\"search_term_string\"}}],\"inLanguage\":\"es\"},{\"@type\":\"Organization\",\"@id\":\"https:\/\/fortresseurope.com\/es\/#organization\",\"name\":\"Fortress Europe\",\"url\":\"https:\/\/fortresseurope.com\/es\/\",\"logo\":{\"@type\":\"ImageObject\",\"inLanguage\":\"es\",\"@id\":\"https:\/\/fortresseurope.com\/es\/#\/schema\/logo\/image\/\",\"url\":\"https:\/\/fortresseurope.com\/wp-content\/uploads\/2024\/04\/fortresseurope.svg\",\"contentUrl\":\"https:\/\/fortresseurope.com\/wp-content\/uploads\/2024\/04\/fortresseurope.svg\",\"width\":1566,\"height\":456,\"caption\":\"Fortress Europe\"},\"image\":{\"@id\":\"https:\/\/fortresseurope.com\/es\/#\/schema\/logo\/image\/\"}}]}<\/script>\n<!-- \/ Yoast SEO plugin. -->","yoast_head_json":{"title":"ReGrid - Fortress Europe","robots":{"index":"index","follow":"follow","max-snippet":"max-snippet:-1","max-image-preview":"max-image-preview:large","max-video-preview":"max-video-preview:-1"},"canonical":"https:\/\/fortresseurope.com\/es\/regrid\/","og_locale":"es_ES","og_type":"article","og_title":"ReGrid - Fortress Europe","og_description":"ReGridTecnolog\u00eda de rejilla de refuerzoHomeAcerca de ReGridLa tecnolog\u00eda ReGrid (Reinforcement Grid) es un material compuesto patentado para el refuerzo de estructuras de hormig\u00f3n. Proporciona una resistencia a la tracci\u00f3n de casi 300 psi y elimina las molestias de \"mojar\" los tejidos de PRFV, lo que lo hace especialmente ventajoso para instalaciones a\u00e9reas. Adem\u00e1s, ReGrid proporciona una UNI\u00d3N VISIBLE SIN VAC\u00cdOS,&hellip;","og_url":"https:\/\/fortresseurope.com\/es\/regrid\/","og_site_name":"Fortress Europe","article_modified_time":"2024-05-30T19:17:55+00:00","twitter_card":"summary_large_image","twitter_misc":{"Tiempo de lectura":"3 minutos"},"schema":{"@context":"https:\/\/schema.org","@graph":[{"@type":"WebPage","@id":"https:\/\/fortresseurope.com\/es\/regrid\/","url":"https:\/\/fortresseurope.com\/es\/regrid\/","name":"ReGrid - Fortress Europe","isPartOf":{"@id":"https:\/\/fortresseurope.com\/es\/#website"},"datePublished":"2024-04-22T13:44:03+00:00","dateModified":"2024-05-30T19:17:55+00:00","breadcrumb":{"@id":"https:\/\/fortresseurope.com\/es\/regrid\/#breadcrumb"},"inLanguage":"es","potentialAction":[{"@type":"ReadAction","target":["https:\/\/fortresseurope.com\/es\/regrid\/"]}]},{"@type":"BreadcrumbList","@id":"https:\/\/fortresseurope.com\/es\/regrid\/#breadcrumb","itemListElement":[{"@type":"ListItem","position":1,"name":"Home","item":"https:\/\/fortresseurope.com\/es\/inicio\/"},{"@type":"ListItem","position":2,"name":"ReGrid"}]},{"@type":"WebSite","@id":"https:\/\/fortresseurope.com\/es\/#website","url":"https:\/\/fortresseurope.com\/es\/","name":"Fortress Europe","description":"Stabilisation Products","publisher":{"@id":"https:\/\/fortresseurope.com\/es\/#organization"},"potentialAction":[{"@type":"SearchAction","target":{"@type":"EntryPoint","urlTemplate":"https:\/\/fortresseurope.com\/es\/?s={search_term_string}"},"query-input":{"@type":"PropertyValueSpecification","valueRequired":true,"valueName":"search_term_string"}}],"inLanguage":"es"},{"@type":"Organization","@id":"https:\/\/fortresseurope.com\/es\/#organization","name":"Fortress Europe","url":"https:\/\/fortresseurope.com\/es\/","logo":{"@type":"ImageObject","inLanguage":"es","@id":"https:\/\/fortresseurope.com\/es\/#\/schema\/logo\/image\/","url":"https:\/\/fortresseurope.com\/wp-content\/uploads\/2024\/04\/fortresseurope.svg","contentUrl":"https:\/\/fortresseurope.com\/wp-content\/uploads\/2024\/04\/fortresseurope.svg","width":1566,"height":456,"caption":"Fortress Europe"},"image":{"@id":"https:\/\/fortresseurope.com\/es\/#\/schema\/logo\/image\/"}}]}},"_links":{"self":[{"href":"https:\/\/fortresseurope.com\/es\/wp-json\/wp\/v2\/pages\/657","targetHints":{"allow":["GET"]}}],"collection":[{"href":"https:\/\/fortresseurope.com\/es\/wp-json\/wp\/v2\/pages"}],"about":[{"href":"https:\/\/fortresseurope.com\/es\/wp-json\/wp\/v2\/types\/page"}],"author":[{"embeddable":true,"href":"https:\/\/fortresseurope.com\/es\/wp-json\/wp\/v2\/users\/1"}],"replies":[{"embeddable":true,"href":"https:\/\/fortresseurope.com\/es\/wp-json\/wp\/v2\/comments?post=657"}],"version-history":[{"count":1,"href":"https:\/\/fortresseurope.com\/es\/wp-json\/wp\/v2\/pages\/657\/revisions"}],"predecessor-version":[{"id":658,"href":"https:\/\/fortresseurope.com\/es\/wp-json\/wp\/v2\/pages\/657\/revisions\/658"}],"wp:attachment":[{"href":"https:\/\/fortresseurope.com\/es\/wp-json\/wp\/v2\/media?parent=657"}],"curies":[{"name":"wp","href":"https:\/\/api.w.org\/{rel}","templated":true}]}}