{"id":671,"date":"2024-04-22T13:43:47","date_gmt":"2024-04-22T13:43:47","guid":{"rendered":"https:\/\/fortresseurope.com\/puntada-de-grieta\/"},"modified":"2024-05-31T06:31:52","modified_gmt":"2024-05-31T06:31:52","slug":"puntada-de-grieta","status":"publish","type":"page","link":"https:\/\/fortresseurope.com\/es\/puntada-de-grieta\/","title":{"rendered":"Puntada de grieta"},"content":{"rendered":"<div id=\"cs-content\" class=\"cs-content\"><\/div>\n","protected":false},"excerpt":{"rendered":"<p>Puntada de grietaSistema de reparaci\u00f3n de grietas en el hormig\u00f3nHomeArregla las grietas para siempreEl Crack Stitch incorpora la tecnolog\u00eda patentada ReGrid desarrollada por Fortress. El dise\u00f1o de rejilla abierta de Fibra de Carbono \/ Kevlar\u00ae crea una uni\u00f3n mucho m\u00e1s fuerte que la de cualquier otro producto del mercado, asegurando que tus grietas no vuelvan a abrirse. El Punto de&hellip;<\/p>\n","protected":false},"author":1,"featured_media":0,"parent":0,"menu_order":0,"comment_status":"closed","ping_status":"closed","template":"template-blank-4.php","meta":{"_acf_changed":false,"inline_featured_image":false,"footnotes":""},"class_list":["post-671","page","type-page","status-publish","hentry","no-post-thumbnail"],"acf":[],"yoast_head":"<!-- This site is optimized with the Yoast SEO plugin v24.1 - https:\/\/yoast.com\/wordpress\/plugins\/seo\/ -->\n<title>Puntada de grieta - Fortress Europe<\/title>\n<meta name=\"robots\" content=\"index, follow, max-snippet:-1, max-image-preview:large, max-video-preview:-1\" \/>\n<link rel=\"canonical\" href=\"https:\/\/fortresseurope.com\/es\/puntada-de-grieta\/\" \/>\n<meta property=\"og:locale\" content=\"es_ES\" \/>\n<meta property=\"og:type\" content=\"article\" \/>\n<meta property=\"og:title\" content=\"Puntada de grieta - Fortress Europe\" \/>\n<meta property=\"og:description\" content=\"Puntada de grietaSistema de reparaci\u00f3n de grietas en el hormig\u00f3nHomeArregla las grietas para siempreEl Crack Stitch incorpora la tecnolog\u00eda patentada ReGrid desarrollada por Fortress. El dise\u00f1o de rejilla abierta de Fibra de Carbono \/ Kevlar\u00ae crea una uni\u00f3n mucho m\u00e1s fuerte que la de cualquier otro producto del mercado, asegurando que tus grietas no vuelvan a abrirse. El Punto de&hellip;\" \/>\n<meta property=\"og:url\" content=\"https:\/\/fortresseurope.com\/es\/puntada-de-grieta\/\" \/>\n<meta property=\"og:site_name\" content=\"Fortress Europe\" \/>\n<meta property=\"article:modified_time\" content=\"2024-05-31T06:31:52+00:00\" \/>\n<meta name=\"twitter:card\" content=\"summary_large_image\" \/>\n<meta name=\"twitter:label1\" content=\"Tiempo de lectura\" \/>\n\t<meta name=\"twitter:data1\" content=\"6 minutos\" \/>\n<script type=\"application\/ld+json\" class=\"yoast-schema-graph\">{\"@context\":\"https:\/\/schema.org\",\"@graph\":[{\"@type\":\"WebPage\",\"@id\":\"https:\/\/fortresseurope.com\/es\/puntada-de-grieta\/\",\"url\":\"https:\/\/fortresseurope.com\/es\/puntada-de-grieta\/\",\"name\":\"Puntada de grieta - Fortress Europe\",\"isPartOf\":{\"@id\":\"https:\/\/fortresseurope.com\/es\/#website\"},\"datePublished\":\"2024-04-22T13:43:47+00:00\",\"dateModified\":\"2024-05-31T06:31:52+00:00\",\"breadcrumb\":{\"@id\":\"https:\/\/fortresseurope.com\/es\/puntada-de-grieta\/#breadcrumb\"},\"inLanguage\":\"es\",\"potentialAction\":[{\"@type\":\"ReadAction\",\"target\":[\"https:\/\/fortresseurope.com\/es\/puntada-de-grieta\/\"]}]},{\"@type\":\"BreadcrumbList\",\"@id\":\"https:\/\/fortresseurope.com\/es\/puntada-de-grieta\/#breadcrumb\",\"itemListElement\":[{\"@type\":\"ListItem\",\"position\":1,\"name\":\"Home\",\"item\":\"https:\/\/fortresseurope.com\/es\/inicio\/\"},{\"@type\":\"ListItem\",\"position\":2,\"name\":\"Puntada de grieta\"}]},{\"@type\":\"WebSite\",\"@id\":\"https:\/\/fortresseurope.com\/es\/#website\",\"url\":\"https:\/\/fortresseurope.com\/es\/\",\"name\":\"Fortress Europe\",\"description\":\"Stabilisation Products\",\"publisher\":{\"@id\":\"https:\/\/fortresseurope.com\/es\/#organization\"},\"potentialAction\":[{\"@type\":\"SearchAction\",\"target\":{\"@type\":\"EntryPoint\",\"urlTemplate\":\"https:\/\/fortresseurope.com\/es\/?s={search_term_string}\"},\"query-input\":{\"@type\":\"PropertyValueSpecification\",\"valueRequired\":true,\"valueName\":\"search_term_string\"}}],\"inLanguage\":\"es\"},{\"@type\":\"Organization\",\"@id\":\"https:\/\/fortresseurope.com\/es\/#organization\",\"name\":\"Fortress Europe\",\"url\":\"https:\/\/fortresseurope.com\/es\/\",\"logo\":{\"@type\":\"ImageObject\",\"inLanguage\":\"es\",\"@id\":\"https:\/\/fortresseurope.com\/es\/#\/schema\/logo\/image\/\",\"url\":\"https:\/\/fortresseurope.com\/wp-content\/uploads\/2024\/04\/fortresseurope.svg\",\"contentUrl\":\"https:\/\/fortresseurope.com\/wp-content\/uploads\/2024\/04\/fortresseurope.svg\",\"width\":1566,\"height\":456,\"caption\":\"Fortress Europe\"},\"image\":{\"@id\":\"https:\/\/fortresseurope.com\/es\/#\/schema\/logo\/image\/\"}}]}<\/script>\n<!-- \/ Yoast SEO plugin. -->","yoast_head_json":{"title":"Puntada de grieta - Fortress Europe","robots":{"index":"index","follow":"follow","max-snippet":"max-snippet:-1","max-image-preview":"max-image-preview:large","max-video-preview":"max-video-preview:-1"},"canonical":"https:\/\/fortresseurope.com\/es\/puntada-de-grieta\/","og_locale":"es_ES","og_type":"article","og_title":"Puntada de grieta - Fortress Europe","og_description":"Puntada de grietaSistema de reparaci\u00f3n de grietas en el hormig\u00f3nHomeArregla las grietas para siempreEl Crack Stitch incorpora la tecnolog\u00eda patentada ReGrid desarrollada por Fortress. El dise\u00f1o de rejilla abierta de Fibra de Carbono \/ Kevlar\u00ae crea una uni\u00f3n mucho m\u00e1s fuerte que la de cualquier otro producto del mercado, asegurando que tus grietas no vuelvan a abrirse. El Punto de&hellip;","og_url":"https:\/\/fortresseurope.com\/es\/puntada-de-grieta\/","og_site_name":"Fortress Europe","article_modified_time":"2024-05-31T06:31:52+00:00","twitter_card":"summary_large_image","twitter_misc":{"Tiempo de lectura":"6 minutos"},"schema":{"@context":"https:\/\/schema.org","@graph":[{"@type":"WebPage","@id":"https:\/\/fortresseurope.com\/es\/puntada-de-grieta\/","url":"https:\/\/fortresseurope.com\/es\/puntada-de-grieta\/","name":"Puntada de grieta - Fortress Europe","isPartOf":{"@id":"https:\/\/fortresseurope.com\/es\/#website"},"datePublished":"2024-04-22T13:43:47+00:00","dateModified":"2024-05-31T06:31:52+00:00","breadcrumb":{"@id":"https:\/\/fortresseurope.com\/es\/puntada-de-grieta\/#breadcrumb"},"inLanguage":"es","potentialAction":[{"@type":"ReadAction","target":["https:\/\/fortresseurope.com\/es\/puntada-de-grieta\/"]}]},{"@type":"BreadcrumbList","@id":"https:\/\/fortresseurope.com\/es\/puntada-de-grieta\/#breadcrumb","itemListElement":[{"@type":"ListItem","position":1,"name":"Home","item":"https:\/\/fortresseurope.com\/es\/inicio\/"},{"@type":"ListItem","position":2,"name":"Puntada de grieta"}]},{"@type":"WebSite","@id":"https:\/\/fortresseurope.com\/es\/#website","url":"https:\/\/fortresseurope.com\/es\/","name":"Fortress Europe","description":"Stabilisation Products","publisher":{"@id":"https:\/\/fortresseurope.com\/es\/#organization"},"potentialAction":[{"@type":"SearchAction","target":{"@type":"EntryPoint","urlTemplate":"https:\/\/fortresseurope.com\/es\/?s={search_term_string}"},"query-input":{"@type":"PropertyValueSpecification","valueRequired":true,"valueName":"search_term_string"}}],"inLanguage":"es"},{"@type":"Organization","@id":"https:\/\/fortresseurope.com\/es\/#organization","name":"Fortress Europe","url":"https:\/\/fortresseurope.com\/es\/","logo":{"@type":"ImageObject","inLanguage":"es","@id":"https:\/\/fortresseurope.com\/es\/#\/schema\/logo\/image\/","url":"https:\/\/fortresseurope.com\/wp-content\/uploads\/2024\/04\/fortresseurope.svg","contentUrl":"https:\/\/fortresseurope.com\/wp-content\/uploads\/2024\/04\/fortresseurope.svg","width":1566,"height":456,"caption":"Fortress Europe"},"image":{"@id":"https:\/\/fortresseurope.com\/es\/#\/schema\/logo\/image\/"}}]}},"_links":{"self":[{"href":"https:\/\/fortresseurope.com\/es\/wp-json\/wp\/v2\/pages\/671","targetHints":{"allow":["GET"]}}],"collection":[{"href":"https:\/\/fortresseurope.com\/es\/wp-json\/wp\/v2\/pages"}],"about":[{"href":"https:\/\/fortresseurope.com\/es\/wp-json\/wp\/v2\/types\/page"}],"author":[{"embeddable":true,"href":"https:\/\/fortresseurope.com\/es\/wp-json\/wp\/v2\/users\/1"}],"replies":[{"embeddable":true,"href":"https:\/\/fortresseurope.com\/es\/wp-json\/wp\/v2\/comments?post=671"}],"version-history":[{"count":2,"href":"https:\/\/fortresseurope.com\/es\/wp-json\/wp\/v2\/pages\/671\/revisions"}],"predecessor-version":[{"id":734,"href":"https:\/\/fortresseurope.com\/es\/wp-json\/wp\/v2\/pages\/671\/revisions\/734"}],"wp:attachment":[{"href":"https:\/\/fortresseurope.com\/es\/wp-json\/wp\/v2\/media?parent=671"}],"curies":[{"name":"wp","href":"https:\/\/api.w.org\/{rel}","templated":true}]}}