{"id":718,"date":"2024-04-22T13:44:54","date_gmt":"2024-04-22T13:44:54","guid":{"rendered":"https:\/\/fortresseurope.com\/doble-t\/"},"modified":"2024-05-30T19:18:20","modified_gmt":"2024-05-30T19:18:20","slug":"doble-t","status":"publish","type":"page","link":"https:\/\/fortresseurope.com\/es\/doble-t\/","title":{"rendered":"Doble T"},"content":{"rendered":"<div id=\"cs-content\" class=\"cs-content\"><\/div>\n","protected":false},"excerpt":{"rendered":"<p>Doble TUna soluci\u00f3n m\u00e1s sencilla para una estructura m\u00e1s s\u00f3lida.HomeAcerca del Ancla Doble TEl anclaje de carbono macizo en doble T o \u00abherradura\u00bb, como se conoce com\u00fanmente, est\u00e1 dise\u00f1ado para soportar la carga lateral y de flexi\u00f3n causada por el tr\u00e1fico de veh\u00edculos en bridas de doble T en aparcamientos y estructuras similares. Las uniones en doble T experimentan con&hellip;<\/p>\n","protected":false},"author":1,"featured_media":0,"parent":0,"menu_order":0,"comment_status":"closed","ping_status":"closed","template":"template-blank-4.php","meta":{"_acf_changed":false,"inline_featured_image":false,"footnotes":""},"class_list":["post-718","page","type-page","status-publish","hentry","no-post-thumbnail"],"acf":[],"yoast_head":"<!-- This site is optimized with the Yoast SEO plugin v24.1 - https:\/\/yoast.com\/wordpress\/plugins\/seo\/ -->\n<title>Doble T - Fortress Europe<\/title>\n<meta name=\"robots\" content=\"index, follow, max-snippet:-1, max-image-preview:large, max-video-preview:-1\" \/>\n<link rel=\"canonical\" href=\"https:\/\/fortresseurope.com\/es\/doble-t\/\" \/>\n<meta property=\"og:locale\" content=\"es_ES\" \/>\n<meta property=\"og:type\" content=\"article\" \/>\n<meta property=\"og:title\" content=\"Doble T - Fortress Europe\" \/>\n<meta property=\"og:description\" content=\"Doble TUna soluci\u00f3n m\u00e1s sencilla para una estructura m\u00e1s s\u00f3lida.HomeAcerca del Ancla Doble TEl anclaje de carbono macizo en doble T o &quot;herradura&quot;, como se conoce com\u00fanmente, est\u00e1 dise\u00f1ado para soportar la carga lateral y de flexi\u00f3n causada por el tr\u00e1fico de veh\u00edculos en bridas de doble T en aparcamientos y estructuras similares. Las uniones en doble T experimentan con&hellip;\" \/>\n<meta property=\"og:url\" content=\"https:\/\/fortresseurope.com\/es\/doble-t\/\" \/>\n<meta property=\"og:site_name\" content=\"Fortress Europe\" \/>\n<meta property=\"article:modified_time\" content=\"2024-05-30T19:18:20+00:00\" \/>\n<meta name=\"twitter:card\" content=\"summary_large_image\" \/>\n<meta name=\"twitter:label1\" content=\"Tiempo de lectura\" \/>\n\t<meta name=\"twitter:data1\" content=\"2 minutos\" \/>\n<script type=\"application\/ld+json\" class=\"yoast-schema-graph\">{\"@context\":\"https:\/\/schema.org\",\"@graph\":[{\"@type\":\"WebPage\",\"@id\":\"https:\/\/fortresseurope.com\/es\/doble-t\/\",\"url\":\"https:\/\/fortresseurope.com\/es\/doble-t\/\",\"name\":\"Doble T - Fortress Europe\",\"isPartOf\":{\"@id\":\"https:\/\/fortresseurope.com\/es\/#website\"},\"datePublished\":\"2024-04-22T13:44:54+00:00\",\"dateModified\":\"2024-05-30T19:18:20+00:00\",\"breadcrumb\":{\"@id\":\"https:\/\/fortresseurope.com\/es\/doble-t\/#breadcrumb\"},\"inLanguage\":\"es\",\"potentialAction\":[{\"@type\":\"ReadAction\",\"target\":[\"https:\/\/fortresseurope.com\/es\/doble-t\/\"]}]},{\"@type\":\"BreadcrumbList\",\"@id\":\"https:\/\/fortresseurope.com\/es\/doble-t\/#breadcrumb\",\"itemListElement\":[{\"@type\":\"ListItem\",\"position\":1,\"name\":\"Home\",\"item\":\"https:\/\/fortresseurope.com\/es\/inicio\/\"},{\"@type\":\"ListItem\",\"position\":2,\"name\":\"Doble T\"}]},{\"@type\":\"WebSite\",\"@id\":\"https:\/\/fortresseurope.com\/es\/#website\",\"url\":\"https:\/\/fortresseurope.com\/es\/\",\"name\":\"Fortress Europe\",\"description\":\"Stabilisation Products\",\"publisher\":{\"@id\":\"https:\/\/fortresseurope.com\/es\/#organization\"},\"potentialAction\":[{\"@type\":\"SearchAction\",\"target\":{\"@type\":\"EntryPoint\",\"urlTemplate\":\"https:\/\/fortresseurope.com\/es\/?s={search_term_string}\"},\"query-input\":{\"@type\":\"PropertyValueSpecification\",\"valueRequired\":true,\"valueName\":\"search_term_string\"}}],\"inLanguage\":\"es\"},{\"@type\":\"Organization\",\"@id\":\"https:\/\/fortresseurope.com\/es\/#organization\",\"name\":\"Fortress Europe\",\"url\":\"https:\/\/fortresseurope.com\/es\/\",\"logo\":{\"@type\":\"ImageObject\",\"inLanguage\":\"es\",\"@id\":\"https:\/\/fortresseurope.com\/es\/#\/schema\/logo\/image\/\",\"url\":\"https:\/\/fortresseurope.com\/wp-content\/uploads\/2024\/04\/fortresseurope.svg\",\"contentUrl\":\"https:\/\/fortresseurope.com\/wp-content\/uploads\/2024\/04\/fortresseurope.svg\",\"width\":1566,\"height\":456,\"caption\":\"Fortress Europe\"},\"image\":{\"@id\":\"https:\/\/fortresseurope.com\/es\/#\/schema\/logo\/image\/\"}}]}<\/script>\n<!-- \/ Yoast SEO plugin. -->","yoast_head_json":{"title":"Doble T - Fortress Europe","robots":{"index":"index","follow":"follow","max-snippet":"max-snippet:-1","max-image-preview":"max-image-preview:large","max-video-preview":"max-video-preview:-1"},"canonical":"https:\/\/fortresseurope.com\/es\/doble-t\/","og_locale":"es_ES","og_type":"article","og_title":"Doble T - Fortress Europe","og_description":"Doble TUna soluci\u00f3n m\u00e1s sencilla para una estructura m\u00e1s s\u00f3lida.HomeAcerca del Ancla Doble TEl anclaje de carbono macizo en doble T o \"herradura\", como se conoce com\u00fanmente, est\u00e1 dise\u00f1ado para soportar la carga lateral y de flexi\u00f3n causada por el tr\u00e1fico de veh\u00edculos en bridas de doble T en aparcamientos y estructuras similares. Las uniones en doble T experimentan con&hellip;","og_url":"https:\/\/fortresseurope.com\/es\/doble-t\/","og_site_name":"Fortress Europe","article_modified_time":"2024-05-30T19:18:20+00:00","twitter_card":"summary_large_image","twitter_misc":{"Tiempo de lectura":"2 minutos"},"schema":{"@context":"https:\/\/schema.org","@graph":[{"@type":"WebPage","@id":"https:\/\/fortresseurope.com\/es\/doble-t\/","url":"https:\/\/fortresseurope.com\/es\/doble-t\/","name":"Doble T - Fortress Europe","isPartOf":{"@id":"https:\/\/fortresseurope.com\/es\/#website"},"datePublished":"2024-04-22T13:44:54+00:00","dateModified":"2024-05-30T19:18:20+00:00","breadcrumb":{"@id":"https:\/\/fortresseurope.com\/es\/doble-t\/#breadcrumb"},"inLanguage":"es","potentialAction":[{"@type":"ReadAction","target":["https:\/\/fortresseurope.com\/es\/doble-t\/"]}]},{"@type":"BreadcrumbList","@id":"https:\/\/fortresseurope.com\/es\/doble-t\/#breadcrumb","itemListElement":[{"@type":"ListItem","position":1,"name":"Home","item":"https:\/\/fortresseurope.com\/es\/inicio\/"},{"@type":"ListItem","position":2,"name":"Doble T"}]},{"@type":"WebSite","@id":"https:\/\/fortresseurope.com\/es\/#website","url":"https:\/\/fortresseurope.com\/es\/","name":"Fortress Europe","description":"Stabilisation Products","publisher":{"@id":"https:\/\/fortresseurope.com\/es\/#organization"},"potentialAction":[{"@type":"SearchAction","target":{"@type":"EntryPoint","urlTemplate":"https:\/\/fortresseurope.com\/es\/?s={search_term_string}"},"query-input":{"@type":"PropertyValueSpecification","valueRequired":true,"valueName":"search_term_string"}}],"inLanguage":"es"},{"@type":"Organization","@id":"https:\/\/fortresseurope.com\/es\/#organization","name":"Fortress Europe","url":"https:\/\/fortresseurope.com\/es\/","logo":{"@type":"ImageObject","inLanguage":"es","@id":"https:\/\/fortresseurope.com\/es\/#\/schema\/logo\/image\/","url":"https:\/\/fortresseurope.com\/wp-content\/uploads\/2024\/04\/fortresseurope.svg","contentUrl":"https:\/\/fortresseurope.com\/wp-content\/uploads\/2024\/04\/fortresseurope.svg","width":1566,"height":456,"caption":"Fortress Europe"},"image":{"@id":"https:\/\/fortresseurope.com\/es\/#\/schema\/logo\/image\/"}}]}},"_links":{"self":[{"href":"https:\/\/fortresseurope.com\/es\/wp-json\/wp\/v2\/pages\/718","targetHints":{"allow":["GET"]}}],"collection":[{"href":"https:\/\/fortresseurope.com\/es\/wp-json\/wp\/v2\/pages"}],"about":[{"href":"https:\/\/fortresseurope.com\/es\/wp-json\/wp\/v2\/types\/page"}],"author":[{"embeddable":true,"href":"https:\/\/fortresseurope.com\/es\/wp-json\/wp\/v2\/users\/1"}],"replies":[{"embeddable":true,"href":"https:\/\/fortresseurope.com\/es\/wp-json\/wp\/v2\/comments?post=718"}],"version-history":[{"count":1,"href":"https:\/\/fortresseurope.com\/es\/wp-json\/wp\/v2\/pages\/718\/revisions"}],"predecessor-version":[{"id":720,"href":"https:\/\/fortresseurope.com\/es\/wp-json\/wp\/v2\/pages\/718\/revisions\/720"}],"wp:attachment":[{"href":"https:\/\/fortresseurope.com\/es\/wp-json\/wp\/v2\/media?parent=718"}],"curies":[{"name":"wp","href":"https:\/\/api.w.org\/{rel}","templated":true}]}}