{"id":679,"date":"2024-04-10T15:25:17","date_gmt":"2024-04-10T15:25:17","guid":{"rendered":"https:\/\/fortresseurope.com\/accueil\/"},"modified":"2024-05-31T06:27:41","modified_gmt":"2024-05-31T06:27:41","slug":"accueil","status":"publish","type":"page","link":"https:\/\/fortresseurope.com\/fr\/","title":{"rendered":"Accueil"},"content":{"rendered":"<div id=\"cs-content\" class=\"cs-content\"><\/div>\n","protected":false},"excerpt":{"rendered":"<p>Solutions composites innovantes pour le renforcement des structures en b\u00e9ton.CELA CHANGE TOUTTECHNOLOGIE COMPOSITE BREVET\u00c9ELa technologie ReGrid (Reinforcement Grid) est une solution innovante pour les structures en b\u00e9ton commerciales et r\u00e9sidentielles. Gr\u00e2ce \u00e0 un proc\u00e9d\u00e9 de collage de pointe connu sous le nom de technologie de rivetage adh\u00e9sif (ART), l&rsquo;\u00e9poxy structurel forme des rivets dans la grille ouverte cr\u00e9\u00e9e par des\u2026<\/p>\n","protected":false},"author":1,"featured_media":0,"parent":0,"menu_order":0,"comment_status":"closed","ping_status":"closed","template":"template-blank-4.php","meta":{"_acf_changed":false,"inline_featured_image":false,"footnotes":""},"class_list":["post-679","page","type-page","status-publish","hentry","no-post-thumbnail"],"acf":[],"yoast_head":"<!-- This site is optimized with the Yoast SEO plugin v24.1 - https:\/\/yoast.com\/wordpress\/plugins\/seo\/ -->\n<title>Accueil - Fortress Europe<\/title>\n<meta name=\"robots\" content=\"index, follow, max-snippet:-1, max-image-preview:large, max-video-preview:-1\" \/>\n<link rel=\"canonical\" href=\"https:\/\/fortresseurope.com\/fr\/\" \/>\n<meta property=\"og:locale\" content=\"fr_FR\" \/>\n<meta property=\"og:type\" content=\"article\" \/>\n<meta property=\"og:title\" content=\"Accueil - Fortress Europe\" \/>\n<meta property=\"og:description\" content=\"Solutions composites innovantes pour le renforcement des structures en b\u00e9ton.CELA CHANGE TOUTTECHNOLOGIE COMPOSITE BREVET\u00c9ELa technologie ReGrid (Reinforcement Grid) est une solution innovante pour les structures en b\u00e9ton commerciales et r\u00e9sidentielles. Gr\u00e2ce \u00e0 un proc\u00e9d\u00e9 de collage de pointe connu sous le nom de technologie de rivetage adh\u00e9sif (ART), l&#039;\u00e9poxy structurel forme des rivets dans la grille ouverte cr\u00e9\u00e9e par des\u2026\" \/>\n<meta property=\"og:url\" content=\"https:\/\/fortresseurope.com\/fr\/\" \/>\n<meta property=\"og:site_name\" content=\"Fortress Europe\" \/>\n<meta property=\"article:modified_time\" content=\"2024-05-31T06:27:41+00:00\" \/>\n<meta name=\"twitter:card\" content=\"summary_large_image\" \/>\n<meta name=\"twitter:label1\" content=\"Dur\u00e9e de lecture estim\u00e9e\" \/>\n\t<meta name=\"twitter:data1\" content=\"6 minutes\" \/>\n<script type=\"application\/ld+json\" class=\"yoast-schema-graph\">{\"@context\":\"https:\/\/schema.org\",\"@graph\":[{\"@type\":\"WebPage\",\"@id\":\"https:\/\/fortresseurope.com\/fr\/\",\"url\":\"https:\/\/fortresseurope.com\/fr\/\",\"name\":\"Accueil - Fortress Europe\",\"isPartOf\":{\"@id\":\"https:\/\/fortresseurope.com\/fr\/#website\"},\"datePublished\":\"2024-04-10T15:25:17+00:00\",\"dateModified\":\"2024-05-31T06:27:41+00:00\",\"breadcrumb\":{\"@id\":\"https:\/\/fortresseurope.com\/fr\/#breadcrumb\"},\"inLanguage\":\"fr-FR\",\"potentialAction\":[{\"@type\":\"ReadAction\",\"target\":[\"https:\/\/fortresseurope.com\/fr\/\"]}]},{\"@type\":\"BreadcrumbList\",\"@id\":\"https:\/\/fortresseurope.com\/fr\/#breadcrumb\",\"itemListElement\":[{\"@type\":\"ListItem\",\"position\":1,\"name\":\"Home\",\"item\":\"https:\/\/fortresseurope.com\/fr\/accueil\/\"},{\"@type\":\"ListItem\",\"position\":2,\"name\":\"Accueil\"}]},{\"@type\":\"WebSite\",\"@id\":\"https:\/\/fortresseurope.com\/fr\/#website\",\"url\":\"https:\/\/fortresseurope.com\/fr\/\",\"name\":\"Fortress Europe\",\"description\":\"Stabilisation Products\",\"publisher\":{\"@id\":\"https:\/\/fortresseurope.com\/fr\/#organization\"},\"potentialAction\":[{\"@type\":\"SearchAction\",\"target\":{\"@type\":\"EntryPoint\",\"urlTemplate\":\"https:\/\/fortresseurope.com\/fr\/?s={search_term_string}\"},\"query-input\":{\"@type\":\"PropertyValueSpecification\",\"valueRequired\":true,\"valueName\":\"search_term_string\"}}],\"inLanguage\":\"fr-FR\"},{\"@type\":\"Organization\",\"@id\":\"https:\/\/fortresseurope.com\/fr\/#organization\",\"name\":\"Fortress Europe\",\"url\":\"https:\/\/fortresseurope.com\/fr\/\",\"logo\":{\"@type\":\"ImageObject\",\"inLanguage\":\"fr-FR\",\"@id\":\"https:\/\/fortresseurope.com\/fr\/#\/schema\/logo\/image\/\",\"url\":\"https:\/\/fortresseurope.com\/wp-content\/uploads\/2024\/04\/fortresseurope.svg\",\"contentUrl\":\"https:\/\/fortresseurope.com\/wp-content\/uploads\/2024\/04\/fortresseurope.svg\",\"width\":1566,\"height\":456,\"caption\":\"Fortress Europe\"},\"image\":{\"@id\":\"https:\/\/fortresseurope.com\/fr\/#\/schema\/logo\/image\/\"}}]}<\/script>\n<!-- \/ Yoast SEO plugin. -->","yoast_head_json":{"title":"Accueil - Fortress Europe","robots":{"index":"index","follow":"follow","max-snippet":"max-snippet:-1","max-image-preview":"max-image-preview:large","max-video-preview":"max-video-preview:-1"},"canonical":"https:\/\/fortresseurope.com\/fr\/","og_locale":"fr_FR","og_type":"article","og_title":"Accueil - Fortress Europe","og_description":"Solutions composites innovantes pour le renforcement des structures en b\u00e9ton.CELA CHANGE TOUTTECHNOLOGIE COMPOSITE BREVET\u00c9ELa technologie ReGrid (Reinforcement Grid) est une solution innovante pour les structures en b\u00e9ton commerciales et r\u00e9sidentielles. Gr\u00e2ce \u00e0 un proc\u00e9d\u00e9 de collage de pointe connu sous le nom de technologie de rivetage adh\u00e9sif (ART), l'\u00e9poxy structurel forme des rivets dans la grille ouverte cr\u00e9\u00e9e par des\u2026","og_url":"https:\/\/fortresseurope.com\/fr\/","og_site_name":"Fortress Europe","article_modified_time":"2024-05-31T06:27:41+00:00","twitter_card":"summary_large_image","twitter_misc":{"Dur\u00e9e de lecture estim\u00e9e":"6 minutes"},"schema":{"@context":"https:\/\/schema.org","@graph":[{"@type":"WebPage","@id":"https:\/\/fortresseurope.com\/fr\/","url":"https:\/\/fortresseurope.com\/fr\/","name":"Accueil - Fortress Europe","isPartOf":{"@id":"https:\/\/fortresseurope.com\/fr\/#website"},"datePublished":"2024-04-10T15:25:17+00:00","dateModified":"2024-05-31T06:27:41+00:00","breadcrumb":{"@id":"https:\/\/fortresseurope.com\/fr\/#breadcrumb"},"inLanguage":"fr-FR","potentialAction":[{"@type":"ReadAction","target":["https:\/\/fortresseurope.com\/fr\/"]}]},{"@type":"BreadcrumbList","@id":"https:\/\/fortresseurope.com\/fr\/#breadcrumb","itemListElement":[{"@type":"ListItem","position":1,"name":"Home","item":"https:\/\/fortresseurope.com\/fr\/accueil\/"},{"@type":"ListItem","position":2,"name":"Accueil"}]},{"@type":"WebSite","@id":"https:\/\/fortresseurope.com\/fr\/#website","url":"https:\/\/fortresseurope.com\/fr\/","name":"Fortress Europe","description":"Stabilisation Products","publisher":{"@id":"https:\/\/fortresseurope.com\/fr\/#organization"},"potentialAction":[{"@type":"SearchAction","target":{"@type":"EntryPoint","urlTemplate":"https:\/\/fortresseurope.com\/fr\/?s={search_term_string}"},"query-input":{"@type":"PropertyValueSpecification","valueRequired":true,"valueName":"search_term_string"}}],"inLanguage":"fr-FR"},{"@type":"Organization","@id":"https:\/\/fortresseurope.com\/fr\/#organization","name":"Fortress Europe","url":"https:\/\/fortresseurope.com\/fr\/","logo":{"@type":"ImageObject","inLanguage":"fr-FR","@id":"https:\/\/fortresseurope.com\/fr\/#\/schema\/logo\/image\/","url":"https:\/\/fortresseurope.com\/wp-content\/uploads\/2024\/04\/fortresseurope.svg","contentUrl":"https:\/\/fortresseurope.com\/wp-content\/uploads\/2024\/04\/fortresseurope.svg","width":1566,"height":456,"caption":"Fortress Europe"},"image":{"@id":"https:\/\/fortresseurope.com\/fr\/#\/schema\/logo\/image\/"}}]}},"_links":{"self":[{"href":"https:\/\/fortresseurope.com\/fr\/wp-json\/wp\/v2\/pages\/679","targetHints":{"allow":["GET"]}}],"collection":[{"href":"https:\/\/fortresseurope.com\/fr\/wp-json\/wp\/v2\/pages"}],"about":[{"href":"https:\/\/fortresseurope.com\/fr\/wp-json\/wp\/v2\/types\/page"}],"author":[{"embeddable":true,"href":"https:\/\/fortresseurope.com\/fr\/wp-json\/wp\/v2\/users\/1"}],"replies":[{"embeddable":true,"href":"https:\/\/fortresseurope.com\/fr\/wp-json\/wp\/v2\/comments?post=679"}],"version-history":[{"count":2,"href":"https:\/\/fortresseurope.com\/fr\/wp-json\/wp\/v2\/pages\/679\/revisions"}],"predecessor-version":[{"id":727,"href":"https:\/\/fortresseurope.com\/fr\/wp-json\/wp\/v2\/pages\/679\/revisions\/727"}],"wp:attachment":[{"href":"https:\/\/fortresseurope.com\/fr\/wp-json\/wp\/v2\/media?parent=679"}],"curies":[{"name":"wp","href":"https:\/\/api.w.org\/{rel}","templated":true}]}}