{"id":691,"date":"2024-05-08T15:38:14","date_gmt":"2024-05-08T15:38:14","guid":{"rendered":"https:\/\/fortresseurope.com\/agrafes-en-carbone\/"},"modified":"2024-05-30T19:18:11","modified_gmt":"2024-05-30T19:18:11","slug":"agrafes-en-carbone","status":"publish","type":"page","link":"https:\/\/fortresseurope.com\/fr\/agrafes-en-carbone\/","title":{"rendered":"Agrafes en carbone"},"content":{"rendered":"<div id=\"cs-content\" class=\"cs-content\"><\/div>\n","protected":false},"excerpt":{"rendered":"<p>Agrafes en carboneM\u00e9thode de renforcement innovanteHomeAgrafes ou ancres en carbone : Renforcer les structures en b\u00e9ton avec une durabilit\u00e9 in\u00e9gal\u00e9eNous vous pr\u00e9sentons nos agrafes ou ancres en carbone r\u00e9volutionnaires, la solution ultime pour renforcer les structures en b\u00e9ton avec une r\u00e9sistance et une durabilit\u00e9 in\u00e9gal\u00e9es. Fabriqu\u00e9s en fibre de carbone de haute qualit\u00e9, ces ancrages ont une capacit\u00e9 remarquable \u00e0\u2026<\/p>\n","protected":false},"author":1,"featured_media":0,"parent":0,"menu_order":0,"comment_status":"closed","ping_status":"closed","template":"template-blank-4.php","meta":{"_acf_changed":false,"inline_featured_image":false,"footnotes":""},"class_list":["post-691","page","type-page","status-publish","hentry","no-post-thumbnail"],"acf":[],"yoast_head":"<!-- This site is optimized with the Yoast SEO plugin v24.1 - https:\/\/yoast.com\/wordpress\/plugins\/seo\/ -->\n<title>Agrafes en carbone - Fortress Europe<\/title>\n<meta name=\"robots\" content=\"index, follow, max-snippet:-1, max-image-preview:large, max-video-preview:-1\" \/>\n<link rel=\"canonical\" href=\"https:\/\/fortresseurope.com\/fr\/agrafes-en-carbone\/\" \/>\n<meta property=\"og:locale\" content=\"fr_FR\" \/>\n<meta property=\"og:type\" content=\"article\" \/>\n<meta property=\"og:title\" content=\"Agrafes en carbone - Fortress Europe\" \/>\n<meta property=\"og:description\" content=\"Agrafes en carboneM\u00e9thode de renforcement innovanteHomeAgrafes ou ancres en carbone : Renforcer les structures en b\u00e9ton avec une durabilit\u00e9 in\u00e9gal\u00e9eNous vous pr\u00e9sentons nos agrafes ou ancres en carbone r\u00e9volutionnaires, la solution ultime pour renforcer les structures en b\u00e9ton avec une r\u00e9sistance et une durabilit\u00e9 in\u00e9gal\u00e9es. Fabriqu\u00e9s en fibre de carbone de haute qualit\u00e9, ces ancrages ont une capacit\u00e9 remarquable \u00e0\u2026\" \/>\n<meta property=\"og:url\" content=\"https:\/\/fortresseurope.com\/fr\/agrafes-en-carbone\/\" \/>\n<meta property=\"og:site_name\" content=\"Fortress Europe\" \/>\n<meta property=\"article:modified_time\" content=\"2024-05-30T19:18:11+00:00\" \/>\n<meta name=\"twitter:card\" content=\"summary_large_image\" \/>\n<meta name=\"twitter:label1\" content=\"Dur\u00e9e de lecture estim\u00e9e\" \/>\n\t<meta name=\"twitter:data1\" content=\"3 minutes\" \/>\n<script type=\"application\/ld+json\" class=\"yoast-schema-graph\">{\"@context\":\"https:\/\/schema.org\",\"@graph\":[{\"@type\":\"WebPage\",\"@id\":\"https:\/\/fortresseurope.com\/fr\/agrafes-en-carbone\/\",\"url\":\"https:\/\/fortresseurope.com\/fr\/agrafes-en-carbone\/\",\"name\":\"Agrafes en carbone - Fortress Europe\",\"isPartOf\":{\"@id\":\"https:\/\/fortresseurope.com\/fr\/#website\"},\"datePublished\":\"2024-05-08T15:38:14+00:00\",\"dateModified\":\"2024-05-30T19:18:11+00:00\",\"breadcrumb\":{\"@id\":\"https:\/\/fortresseurope.com\/fr\/agrafes-en-carbone\/#breadcrumb\"},\"inLanguage\":\"fr-FR\",\"potentialAction\":[{\"@type\":\"ReadAction\",\"target\":[\"https:\/\/fortresseurope.com\/fr\/agrafes-en-carbone\/\"]}]},{\"@type\":\"BreadcrumbList\",\"@id\":\"https:\/\/fortresseurope.com\/fr\/agrafes-en-carbone\/#breadcrumb\",\"itemListElement\":[{\"@type\":\"ListItem\",\"position\":1,\"name\":\"Home\",\"item\":\"https:\/\/fortresseurope.com\/fr\/accueil\/\"},{\"@type\":\"ListItem\",\"position\":2,\"name\":\"Agrafes en carbone\"}]},{\"@type\":\"WebSite\",\"@id\":\"https:\/\/fortresseurope.com\/fr\/#website\",\"url\":\"https:\/\/fortresseurope.com\/fr\/\",\"name\":\"Fortress Europe\",\"description\":\"Stabilisation Products\",\"publisher\":{\"@id\":\"https:\/\/fortresseurope.com\/fr\/#organization\"},\"potentialAction\":[{\"@type\":\"SearchAction\",\"target\":{\"@type\":\"EntryPoint\",\"urlTemplate\":\"https:\/\/fortresseurope.com\/fr\/?s={search_term_string}\"},\"query-input\":{\"@type\":\"PropertyValueSpecification\",\"valueRequired\":true,\"valueName\":\"search_term_string\"}}],\"inLanguage\":\"fr-FR\"},{\"@type\":\"Organization\",\"@id\":\"https:\/\/fortresseurope.com\/fr\/#organization\",\"name\":\"Fortress Europe\",\"url\":\"https:\/\/fortresseurope.com\/fr\/\",\"logo\":{\"@type\":\"ImageObject\",\"inLanguage\":\"fr-FR\",\"@id\":\"https:\/\/fortresseurope.com\/fr\/#\/schema\/logo\/image\/\",\"url\":\"https:\/\/fortresseurope.com\/wp-content\/uploads\/2024\/04\/fortresseurope.svg\",\"contentUrl\":\"https:\/\/fortresseurope.com\/wp-content\/uploads\/2024\/04\/fortresseurope.svg\",\"width\":1566,\"height\":456,\"caption\":\"Fortress Europe\"},\"image\":{\"@id\":\"https:\/\/fortresseurope.com\/fr\/#\/schema\/logo\/image\/\"}}]}<\/script>\n<!-- \/ Yoast SEO plugin. -->","yoast_head_json":{"title":"Agrafes en carbone - Fortress Europe","robots":{"index":"index","follow":"follow","max-snippet":"max-snippet:-1","max-image-preview":"max-image-preview:large","max-video-preview":"max-video-preview:-1"},"canonical":"https:\/\/fortresseurope.com\/fr\/agrafes-en-carbone\/","og_locale":"fr_FR","og_type":"article","og_title":"Agrafes en carbone - Fortress Europe","og_description":"Agrafes en carboneM\u00e9thode de renforcement innovanteHomeAgrafes ou ancres en carbone : Renforcer les structures en b\u00e9ton avec une durabilit\u00e9 in\u00e9gal\u00e9eNous vous pr\u00e9sentons nos agrafes ou ancres en carbone r\u00e9volutionnaires, la solution ultime pour renforcer les structures en b\u00e9ton avec une r\u00e9sistance et une durabilit\u00e9 in\u00e9gal\u00e9es. Fabriqu\u00e9s en fibre de carbone de haute qualit\u00e9, ces ancrages ont une capacit\u00e9 remarquable \u00e0\u2026","og_url":"https:\/\/fortresseurope.com\/fr\/agrafes-en-carbone\/","og_site_name":"Fortress Europe","article_modified_time":"2024-05-30T19:18:11+00:00","twitter_card":"summary_large_image","twitter_misc":{"Dur\u00e9e de lecture estim\u00e9e":"3 minutes"},"schema":{"@context":"https:\/\/schema.org","@graph":[{"@type":"WebPage","@id":"https:\/\/fortresseurope.com\/fr\/agrafes-en-carbone\/","url":"https:\/\/fortresseurope.com\/fr\/agrafes-en-carbone\/","name":"Agrafes en carbone - Fortress Europe","isPartOf":{"@id":"https:\/\/fortresseurope.com\/fr\/#website"},"datePublished":"2024-05-08T15:38:14+00:00","dateModified":"2024-05-30T19:18:11+00:00","breadcrumb":{"@id":"https:\/\/fortresseurope.com\/fr\/agrafes-en-carbone\/#breadcrumb"},"inLanguage":"fr-FR","potentialAction":[{"@type":"ReadAction","target":["https:\/\/fortresseurope.com\/fr\/agrafes-en-carbone\/"]}]},{"@type":"BreadcrumbList","@id":"https:\/\/fortresseurope.com\/fr\/agrafes-en-carbone\/#breadcrumb","itemListElement":[{"@type":"ListItem","position":1,"name":"Home","item":"https:\/\/fortresseurope.com\/fr\/accueil\/"},{"@type":"ListItem","position":2,"name":"Agrafes en carbone"}]},{"@type":"WebSite","@id":"https:\/\/fortresseurope.com\/fr\/#website","url":"https:\/\/fortresseurope.com\/fr\/","name":"Fortress Europe","description":"Stabilisation Products","publisher":{"@id":"https:\/\/fortresseurope.com\/fr\/#organization"},"potentialAction":[{"@type":"SearchAction","target":{"@type":"EntryPoint","urlTemplate":"https:\/\/fortresseurope.com\/fr\/?s={search_term_string}"},"query-input":{"@type":"PropertyValueSpecification","valueRequired":true,"valueName":"search_term_string"}}],"inLanguage":"fr-FR"},{"@type":"Organization","@id":"https:\/\/fortresseurope.com\/fr\/#organization","name":"Fortress Europe","url":"https:\/\/fortresseurope.com\/fr\/","logo":{"@type":"ImageObject","inLanguage":"fr-FR","@id":"https:\/\/fortresseurope.com\/fr\/#\/schema\/logo\/image\/","url":"https:\/\/fortresseurope.com\/wp-content\/uploads\/2024\/04\/fortresseurope.svg","contentUrl":"https:\/\/fortresseurope.com\/wp-content\/uploads\/2024\/04\/fortresseurope.svg","width":1566,"height":456,"caption":"Fortress Europe"},"image":{"@id":"https:\/\/fortresseurope.com\/fr\/#\/schema\/logo\/image\/"}}]}},"_links":{"self":[{"href":"https:\/\/fortresseurope.com\/fr\/wp-json\/wp\/v2\/pages\/691","targetHints":{"allow":["GET"]}}],"collection":[{"href":"https:\/\/fortresseurope.com\/fr\/wp-json\/wp\/v2\/pages"}],"about":[{"href":"https:\/\/fortresseurope.com\/fr\/wp-json\/wp\/v2\/types\/page"}],"author":[{"embeddable":true,"href":"https:\/\/fortresseurope.com\/fr\/wp-json\/wp\/v2\/users\/1"}],"replies":[{"embeddable":true,"href":"https:\/\/fortresseurope.com\/fr\/wp-json\/wp\/v2\/comments?post=691"}],"version-history":[{"count":1,"href":"https:\/\/fortresseurope.com\/fr\/wp-json\/wp\/v2\/pages\/691\/revisions"}],"predecessor-version":[{"id":692,"href":"https:\/\/fortresseurope.com\/fr\/wp-json\/wp\/v2\/pages\/691\/revisions\/692"}],"wp:attachment":[{"href":"https:\/\/fortresseurope.com\/fr\/wp-json\/wp\/v2\/media?parent=691"}],"curies":[{"name":"wp","href":"https:\/\/api.w.org\/{rel}","templated":true}]}}