{"id":705,"date":"2024-04-22T13:49:39","date_gmt":"2024-04-22T13:49:39","guid":{"rendered":"https:\/\/fortresseurope.com\/a-propos-de\/"},"modified":"2025-02-26T15:19:35","modified_gmt":"2025-02-26T15:19:35","slug":"a-propos-de","status":"publish","type":"page","link":"https:\/\/fortresseurope.com\/fr\/a-propos-de\/","title":{"rendered":"Renforcement de l&rsquo;infrastructure"},"content":{"rendered":"<div id=\"cs-content\" class=\"cs-content\"><\/div>\n","protected":false},"excerpt":{"rendered":"<p>Renforcement de l&rsquo;infrastructureL&rsquo;histoire de la stabilisation de la forteresse commence aux \u00c9tats-Unis !HomeLe propri\u00e9taire de Fortress USA, Ed Wheatley, poss\u00e8de une grande expertise dans le renforcement des sous-sols et des infrastructures. Son parcours entrepreneurial a commenc\u00e9 en 1982 avec la cr\u00e9ation de sa premi\u00e8re entreprise, Extang, situ\u00e9e directement au-dessus du sous-sol de ses parents. En 1998, Wheatley est revenu \u00e0\u2026<\/p>\n","protected":false},"author":1,"featured_media":0,"parent":0,"menu_order":0,"comment_status":"closed","ping_status":"closed","template":"template-blank-4.php","meta":{"_acf_changed":false,"inline_featured_image":false,"footnotes":""},"class_list":["post-705","page","type-page","status-publish","hentry","no-post-thumbnail"],"acf":[],"yoast_head":"<!-- This site is optimized with the Yoast SEO plugin v24.1 - https:\/\/yoast.com\/wordpress\/plugins\/seo\/ -->\n<title>Renforcement de l&#039;infrastructure - Fortress Europe<\/title>\n<meta name=\"robots\" content=\"index, follow, max-snippet:-1, max-image-preview:large, max-video-preview:-1\" \/>\n<link rel=\"canonical\" href=\"https:\/\/fortresseurope.com\/fr\/a-propos-de\/\" \/>\n<meta property=\"og:locale\" content=\"fr_FR\" \/>\n<meta property=\"og:type\" content=\"article\" \/>\n<meta property=\"og:title\" content=\"Renforcement de l&#039;infrastructure - Fortress Europe\" \/>\n<meta property=\"og:description\" content=\"Renforcement de l&rsquo;infrastructureL&#039;histoire de la stabilisation de la forteresse commence aux \u00c9tats-Unis !HomeLe propri\u00e9taire de Fortress USA, Ed Wheatley, poss\u00e8de une grande expertise dans le renforcement des sous-sols et des infrastructures. Son parcours entrepreneurial a commenc\u00e9 en 1982 avec la cr\u00e9ation de sa premi\u00e8re entreprise, Extang, situ\u00e9e directement au-dessus du sous-sol de ses parents. En 1998, Wheatley est revenu \u00e0\u2026\" \/>\n<meta property=\"og:url\" content=\"https:\/\/fortresseurope.com\/fr\/a-propos-de\/\" \/>\n<meta property=\"og:site_name\" content=\"Fortress Europe\" \/>\n<meta property=\"article:modified_time\" content=\"2025-02-26T15:19:35+00:00\" \/>\n<meta name=\"twitter:card\" content=\"summary_large_image\" \/>\n<meta name=\"twitter:label1\" content=\"Dur\u00e9e de lecture estim\u00e9e\" \/>\n\t<meta name=\"twitter:data1\" content=\"3 minutes\" \/>\n<script type=\"application\/ld+json\" class=\"yoast-schema-graph\">{\"@context\":\"https:\/\/schema.org\",\"@graph\":[{\"@type\":\"WebPage\",\"@id\":\"https:\/\/fortresseurope.com\/fr\/a-propos-de\/\",\"url\":\"https:\/\/fortresseurope.com\/fr\/a-propos-de\/\",\"name\":\"Renforcement de l'infrastructure - Fortress Europe\",\"isPartOf\":{\"@id\":\"https:\/\/fortresseurope.com\/fr\/#website\"},\"datePublished\":\"2024-04-22T13:49:39+00:00\",\"dateModified\":\"2025-02-26T15:19:35+00:00\",\"breadcrumb\":{\"@id\":\"https:\/\/fortresseurope.com\/fr\/a-propos-de\/#breadcrumb\"},\"inLanguage\":\"fr-FR\",\"potentialAction\":[{\"@type\":\"ReadAction\",\"target\":[\"https:\/\/fortresseurope.com\/fr\/a-propos-de\/\"]}]},{\"@type\":\"BreadcrumbList\",\"@id\":\"https:\/\/fortresseurope.com\/fr\/a-propos-de\/#breadcrumb\",\"itemListElement\":[{\"@type\":\"ListItem\",\"position\":1,\"name\":\"Home\",\"item\":\"https:\/\/fortresseurope.com\/fr\/accueil\/\"},{\"@type\":\"ListItem\",\"position\":2,\"name\":\"Renforcement de l&rsquo;infrastructure\"}]},{\"@type\":\"WebSite\",\"@id\":\"https:\/\/fortresseurope.com\/fr\/#website\",\"url\":\"https:\/\/fortresseurope.com\/fr\/\",\"name\":\"Fortress Europe\",\"description\":\"Stabilisation Products\",\"publisher\":{\"@id\":\"https:\/\/fortresseurope.com\/fr\/#organization\"},\"potentialAction\":[{\"@type\":\"SearchAction\",\"target\":{\"@type\":\"EntryPoint\",\"urlTemplate\":\"https:\/\/fortresseurope.com\/fr\/?s={search_term_string}\"},\"query-input\":{\"@type\":\"PropertyValueSpecification\",\"valueRequired\":true,\"valueName\":\"search_term_string\"}}],\"inLanguage\":\"fr-FR\"},{\"@type\":\"Organization\",\"@id\":\"https:\/\/fortresseurope.com\/fr\/#organization\",\"name\":\"Fortress Europe\",\"url\":\"https:\/\/fortresseurope.com\/fr\/\",\"logo\":{\"@type\":\"ImageObject\",\"inLanguage\":\"fr-FR\",\"@id\":\"https:\/\/fortresseurope.com\/fr\/#\/schema\/logo\/image\/\",\"url\":\"https:\/\/fortresseurope.com\/wp-content\/uploads\/2024\/04\/fortresseurope.svg\",\"contentUrl\":\"https:\/\/fortresseurope.com\/wp-content\/uploads\/2024\/04\/fortresseurope.svg\",\"width\":1566,\"height\":456,\"caption\":\"Fortress Europe\"},\"image\":{\"@id\":\"https:\/\/fortresseurope.com\/fr\/#\/schema\/logo\/image\/\"}}]}<\/script>\n<!-- \/ Yoast SEO plugin. -->","yoast_head_json":{"title":"Renforcement de l'infrastructure - Fortress Europe","robots":{"index":"index","follow":"follow","max-snippet":"max-snippet:-1","max-image-preview":"max-image-preview:large","max-video-preview":"max-video-preview:-1"},"canonical":"https:\/\/fortresseurope.com\/fr\/a-propos-de\/","og_locale":"fr_FR","og_type":"article","og_title":"Renforcement de l'infrastructure - Fortress Europe","og_description":"Renforcement de l&rsquo;infrastructureL'histoire de la stabilisation de la forteresse commence aux \u00c9tats-Unis !HomeLe propri\u00e9taire de Fortress USA, Ed Wheatley, poss\u00e8de une grande expertise dans le renforcement des sous-sols et des infrastructures. Son parcours entrepreneurial a commenc\u00e9 en 1982 avec la cr\u00e9ation de sa premi\u00e8re entreprise, Extang, situ\u00e9e directement au-dessus du sous-sol de ses parents. En 1998, Wheatley est revenu \u00e0\u2026","og_url":"https:\/\/fortresseurope.com\/fr\/a-propos-de\/","og_site_name":"Fortress Europe","article_modified_time":"2025-02-26T15:19:35+00:00","twitter_card":"summary_large_image","twitter_misc":{"Dur\u00e9e de lecture estim\u00e9e":"3 minutes"},"schema":{"@context":"https:\/\/schema.org","@graph":[{"@type":"WebPage","@id":"https:\/\/fortresseurope.com\/fr\/a-propos-de\/","url":"https:\/\/fortresseurope.com\/fr\/a-propos-de\/","name":"Renforcement de l'infrastructure - Fortress Europe","isPartOf":{"@id":"https:\/\/fortresseurope.com\/fr\/#website"},"datePublished":"2024-04-22T13:49:39+00:00","dateModified":"2025-02-26T15:19:35+00:00","breadcrumb":{"@id":"https:\/\/fortresseurope.com\/fr\/a-propos-de\/#breadcrumb"},"inLanguage":"fr-FR","potentialAction":[{"@type":"ReadAction","target":["https:\/\/fortresseurope.com\/fr\/a-propos-de\/"]}]},{"@type":"BreadcrumbList","@id":"https:\/\/fortresseurope.com\/fr\/a-propos-de\/#breadcrumb","itemListElement":[{"@type":"ListItem","position":1,"name":"Home","item":"https:\/\/fortresseurope.com\/fr\/accueil\/"},{"@type":"ListItem","position":2,"name":"Renforcement de l&rsquo;infrastructure"}]},{"@type":"WebSite","@id":"https:\/\/fortresseurope.com\/fr\/#website","url":"https:\/\/fortresseurope.com\/fr\/","name":"Fortress Europe","description":"Stabilisation Products","publisher":{"@id":"https:\/\/fortresseurope.com\/fr\/#organization"},"potentialAction":[{"@type":"SearchAction","target":{"@type":"EntryPoint","urlTemplate":"https:\/\/fortresseurope.com\/fr\/?s={search_term_string}"},"query-input":{"@type":"PropertyValueSpecification","valueRequired":true,"valueName":"search_term_string"}}],"inLanguage":"fr-FR"},{"@type":"Organization","@id":"https:\/\/fortresseurope.com\/fr\/#organization","name":"Fortress Europe","url":"https:\/\/fortresseurope.com\/fr\/","logo":{"@type":"ImageObject","inLanguage":"fr-FR","@id":"https:\/\/fortresseurope.com\/fr\/#\/schema\/logo\/image\/","url":"https:\/\/fortresseurope.com\/wp-content\/uploads\/2024\/04\/fortresseurope.svg","contentUrl":"https:\/\/fortresseurope.com\/wp-content\/uploads\/2024\/04\/fortresseurope.svg","width":1566,"height":456,"caption":"Fortress Europe"},"image":{"@id":"https:\/\/fortresseurope.com\/fr\/#\/schema\/logo\/image\/"}}]}},"_links":{"self":[{"href":"https:\/\/fortresseurope.com\/fr\/wp-json\/wp\/v2\/pages\/705","targetHints":{"allow":["GET"]}}],"collection":[{"href":"https:\/\/fortresseurope.com\/fr\/wp-json\/wp\/v2\/pages"}],"about":[{"href":"https:\/\/fortresseurope.com\/fr\/wp-json\/wp\/v2\/types\/page"}],"author":[{"embeddable":true,"href":"https:\/\/fortresseurope.com\/fr\/wp-json\/wp\/v2\/users\/1"}],"replies":[{"embeddable":true,"href":"https:\/\/fortresseurope.com\/fr\/wp-json\/wp\/v2\/comments?post=705"}],"version-history":[{"count":2,"href":"https:\/\/fortresseurope.com\/fr\/wp-json\/wp\/v2\/pages\/705\/revisions"}],"predecessor-version":[{"id":1367,"href":"https:\/\/fortresseurope.com\/fr\/wp-json\/wp\/v2\/pages\/705\/revisions\/1367"}],"wp:attachment":[{"href":"https:\/\/fortresseurope.com\/fr\/wp-json\/wp\/v2\/media?parent=705"}],"curies":[{"name":"wp","href":"https:\/\/api.w.org\/{rel}","templated":true}]}}