{"id":796,"date":"2024-11-19T06:47:46","date_gmt":"2024-11-19T06:47:46","guid":{"rendered":"https:\/\/fortresseurope.com\/dernieres-nouvelles\/"},"modified":"2024-11-19T06:58:36","modified_gmt":"2024-11-19T06:58:36","slug":"dernieres-nouvelles","status":"publish","type":"page","link":"https:\/\/fortresseurope.com\/fr\/dernieres-nouvelles\/","title":{"rendered":"Derni\u00e8res nouvelles"},"content":{"rendered":"\t\t<div data-elementor-type=\"wp-page\" data-elementor-id=\"796\" class=\"elementor elementor-796 elementor-794\" data-elementor-post-type=\"page\">\n\t\t\t\t\t\t<\/div>\n\t\t","protected":false},"excerpt":{"rendered":"<p>Derni\u00e8res nouvelles Il est essentiel pour Structural Repairs de se tenir au courant de l&rsquo;actualit\u00e9 du b\u00e9ton et des sujets li\u00e9s \u00e0 l&rsquo;industrie, dans l&rsquo;environnement commercial actuel qui \u00e9volue rapidement.<\/p>\n","protected":false},"author":7,"featured_media":0,"parent":0,"menu_order":0,"comment_status":"closed","ping_status":"closed","template":"elementor_header_footer","meta":{"_acf_changed":false,"inline_featured_image":false,"footnotes":""},"class_list":["post-796","page","type-page","status-publish","hentry","no-post-thumbnail"],"acf":[],"yoast_head":"<!-- This site is optimized with the Yoast SEO plugin v24.1 - https:\/\/yoast.com\/wordpress\/plugins\/seo\/ -->\n<title>Derni\u00e8res nouvelles - Fortress Europe<\/title>\n<meta name=\"robots\" content=\"index, follow, max-snippet:-1, max-image-preview:large, max-video-preview:-1\" \/>\n<link rel=\"canonical\" href=\"https:\/\/fortresseurope.com\/fr\/dernieres-nouvelles\/\" \/>\n<meta property=\"og:locale\" content=\"fr_FR\" \/>\n<meta property=\"og:type\" content=\"article\" \/>\n<meta property=\"og:title\" content=\"Derni\u00e8res nouvelles - Fortress Europe\" \/>\n<meta property=\"og:description\" content=\"Derni\u00e8res nouvelles Il est essentiel pour Structural Repairs de se tenir au courant de l&rsquo;actualit\u00e9 du b\u00e9ton et des sujets li\u00e9s \u00e0 l&rsquo;industrie, dans l&rsquo;environnement commercial actuel qui \u00e9volue rapidement.\" \/>\n<meta property=\"og:url\" content=\"https:\/\/fortresseurope.com\/fr\/dernieres-nouvelles\/\" \/>\n<meta property=\"og:site_name\" content=\"Fortress Europe\" \/>\n<meta property=\"article:modified_time\" content=\"2024-11-19T06:58:36+00:00\" \/>\n<meta name=\"twitter:card\" content=\"summary_large_image\" \/>\n<script type=\"application\/ld+json\" class=\"yoast-schema-graph\">{\"@context\":\"https:\/\/schema.org\",\"@graph\":[{\"@type\":\"WebPage\",\"@id\":\"https:\/\/fortresseurope.com\/fr\/dernieres-nouvelles\/\",\"url\":\"https:\/\/fortresseurope.com\/fr\/dernieres-nouvelles\/\",\"name\":\"Derni\u00e8res nouvelles - Fortress Europe\",\"isPartOf\":{\"@id\":\"https:\/\/fortresseurope.com\/fr\/#website\"},\"datePublished\":\"2024-11-19T06:47:46+00:00\",\"dateModified\":\"2024-11-19T06:58:36+00:00\",\"breadcrumb\":{\"@id\":\"https:\/\/fortresseurope.com\/fr\/dernieres-nouvelles\/#breadcrumb\"},\"inLanguage\":\"fr-FR\",\"potentialAction\":[{\"@type\":\"ReadAction\",\"target\":[\"https:\/\/fortresseurope.com\/fr\/dernieres-nouvelles\/\"]}]},{\"@type\":\"BreadcrumbList\",\"@id\":\"https:\/\/fortresseurope.com\/fr\/dernieres-nouvelles\/#breadcrumb\",\"itemListElement\":[{\"@type\":\"ListItem\",\"position\":1,\"name\":\"Home\",\"item\":\"https:\/\/fortresseurope.com\/fr\/accueil\/\"},{\"@type\":\"ListItem\",\"position\":2,\"name\":\"Derni\u00e8res nouvelles\"}]},{\"@type\":\"WebSite\",\"@id\":\"https:\/\/fortresseurope.com\/fr\/#website\",\"url\":\"https:\/\/fortresseurope.com\/fr\/\",\"name\":\"Fortress Europe\",\"description\":\"Stabilisation Products\",\"publisher\":{\"@id\":\"https:\/\/fortresseurope.com\/fr\/#organization\"},\"potentialAction\":[{\"@type\":\"SearchAction\",\"target\":{\"@type\":\"EntryPoint\",\"urlTemplate\":\"https:\/\/fortresseurope.com\/fr\/?s={search_term_string}\"},\"query-input\":{\"@type\":\"PropertyValueSpecification\",\"valueRequired\":true,\"valueName\":\"search_term_string\"}}],\"inLanguage\":\"fr-FR\"},{\"@type\":\"Organization\",\"@id\":\"https:\/\/fortresseurope.com\/fr\/#organization\",\"name\":\"Fortress Europe\",\"url\":\"https:\/\/fortresseurope.com\/fr\/\",\"logo\":{\"@type\":\"ImageObject\",\"inLanguage\":\"fr-FR\",\"@id\":\"https:\/\/fortresseurope.com\/fr\/#\/schema\/logo\/image\/\",\"url\":\"https:\/\/fortresseurope.com\/wp-content\/uploads\/2024\/04\/fortresseurope.svg\",\"contentUrl\":\"https:\/\/fortresseurope.com\/wp-content\/uploads\/2024\/04\/fortresseurope.svg\",\"width\":1566,\"height\":456,\"caption\":\"Fortress Europe\"},\"image\":{\"@id\":\"https:\/\/fortresseurope.com\/fr\/#\/schema\/logo\/image\/\"}}]}<\/script>\n<!-- \/ Yoast SEO plugin. -->","yoast_head_json":{"title":"Derni\u00e8res nouvelles - Fortress Europe","robots":{"index":"index","follow":"follow","max-snippet":"max-snippet:-1","max-image-preview":"max-image-preview:large","max-video-preview":"max-video-preview:-1"},"canonical":"https:\/\/fortresseurope.com\/fr\/dernieres-nouvelles\/","og_locale":"fr_FR","og_type":"article","og_title":"Derni\u00e8res nouvelles - Fortress Europe","og_description":"Derni\u00e8res nouvelles Il est essentiel pour Structural Repairs de se tenir au courant de l&rsquo;actualit\u00e9 du b\u00e9ton et des sujets li\u00e9s \u00e0 l&rsquo;industrie, dans l&rsquo;environnement commercial actuel qui \u00e9volue rapidement.","og_url":"https:\/\/fortresseurope.com\/fr\/dernieres-nouvelles\/","og_site_name":"Fortress Europe","article_modified_time":"2024-11-19T06:58:36+00:00","twitter_card":"summary_large_image","schema":{"@context":"https:\/\/schema.org","@graph":[{"@type":"WebPage","@id":"https:\/\/fortresseurope.com\/fr\/dernieres-nouvelles\/","url":"https:\/\/fortresseurope.com\/fr\/dernieres-nouvelles\/","name":"Derni\u00e8res nouvelles - Fortress Europe","isPartOf":{"@id":"https:\/\/fortresseurope.com\/fr\/#website"},"datePublished":"2024-11-19T06:47:46+00:00","dateModified":"2024-11-19T06:58:36+00:00","breadcrumb":{"@id":"https:\/\/fortresseurope.com\/fr\/dernieres-nouvelles\/#breadcrumb"},"inLanguage":"fr-FR","potentialAction":[{"@type":"ReadAction","target":["https:\/\/fortresseurope.com\/fr\/dernieres-nouvelles\/"]}]},{"@type":"BreadcrumbList","@id":"https:\/\/fortresseurope.com\/fr\/dernieres-nouvelles\/#breadcrumb","itemListElement":[{"@type":"ListItem","position":1,"name":"Home","item":"https:\/\/fortresseurope.com\/fr\/accueil\/"},{"@type":"ListItem","position":2,"name":"Derni\u00e8res nouvelles"}]},{"@type":"WebSite","@id":"https:\/\/fortresseurope.com\/fr\/#website","url":"https:\/\/fortresseurope.com\/fr\/","name":"Fortress Europe","description":"Stabilisation Products","publisher":{"@id":"https:\/\/fortresseurope.com\/fr\/#organization"},"potentialAction":[{"@type":"SearchAction","target":{"@type":"EntryPoint","urlTemplate":"https:\/\/fortresseurope.com\/fr\/?s={search_term_string}"},"query-input":{"@type":"PropertyValueSpecification","valueRequired":true,"valueName":"search_term_string"}}],"inLanguage":"fr-FR"},{"@type":"Organization","@id":"https:\/\/fortresseurope.com\/fr\/#organization","name":"Fortress Europe","url":"https:\/\/fortresseurope.com\/fr\/","logo":{"@type":"ImageObject","inLanguage":"fr-FR","@id":"https:\/\/fortresseurope.com\/fr\/#\/schema\/logo\/image\/","url":"https:\/\/fortresseurope.com\/wp-content\/uploads\/2024\/04\/fortresseurope.svg","contentUrl":"https:\/\/fortresseurope.com\/wp-content\/uploads\/2024\/04\/fortresseurope.svg","width":1566,"height":456,"caption":"Fortress Europe"},"image":{"@id":"https:\/\/fortresseurope.com\/fr\/#\/schema\/logo\/image\/"}}]}},"_links":{"self":[{"href":"https:\/\/fortresseurope.com\/fr\/wp-json\/wp\/v2\/pages\/796","targetHints":{"allow":["GET"]}}],"collection":[{"href":"https:\/\/fortresseurope.com\/fr\/wp-json\/wp\/v2\/pages"}],"about":[{"href":"https:\/\/fortresseurope.com\/fr\/wp-json\/wp\/v2\/types\/page"}],"author":[{"embeddable":true,"href":"https:\/\/fortresseurope.com\/fr\/wp-json\/wp\/v2\/users\/7"}],"replies":[{"embeddable":true,"href":"https:\/\/fortresseurope.com\/fr\/wp-json\/wp\/v2\/comments?post=796"}],"version-history":[{"count":4,"href":"https:\/\/fortresseurope.com\/fr\/wp-json\/wp\/v2\/pages\/796\/revisions"}],"predecessor-version":[{"id":877,"href":"https:\/\/fortresseurope.com\/fr\/wp-json\/wp\/v2\/pages\/796\/revisions\/877"}],"wp:attachment":[{"href":"https:\/\/fortresseurope.com\/fr\/wp-json\/wp\/v2\/media?parent=796"}],"curies":[{"name":"wp","href":"https:\/\/api.w.org\/{rel}","templated":true}]}}